{"id":1087,"date":"2025-05-08T07:47:42","date_gmt":"2025-05-08T07:47:42","guid":{"rendered":"https:\/\/sankorf.com\/?post_type=product&#038;p=1087"},"modified":"2026-01-27T03:49:06","modified_gmt":"2026-01-27T03:49:06","slug":"handheld-signal-generator","status":"publish","type":"product","link":"https:\/\/sankorf.com\/es\/product\/handheld-signal-generator\/","title":{"rendered":"Generador de se\u00f1ales port\u00e1til"},"content":{"rendered":"<p><strong>Especificaciones<\/strong><\/p>\n\n<table id=\"tablepress-2\" class=\"tablepress tablepress-id-2 tbody-has-connected-cells\">\n<thead>\n<tr class=\"row-1\">\n\t<th class=\"column-1\">Modelo<\/th><th class=\"column-2\">GH60<\/th><th class=\"column-3\">GH180<\/th>\n<\/tr>\n<\/thead>\n<tbody class=\"row-striping row-hover\">\n<tr class=\"row-2\">\n\t<td class=\"column-1\">Puerto de radiofrecuencia<\/td><td colspan=\"2\" class=\"column-2\">N -Female 50 \u03a9<\/td>\n<\/tr>\n<tr class=\"row-3\">\n\t<td class=\"column-1\">Rango de frecuencia<\/td><td class=\"column-2\">10MHz to 6GHz (Upgradeable from 300 kHz to 6.5 GHz.)<\/td><td class=\"column-3\">10MHz to 6GHz (Upgradeable from 300 kHz to 6.5 GHz.)<\/td>\n<\/tr>\n<tr class=\"row-4\">\n\t<td class=\"column-1\">Paso de frecuencia<\/td><td class=\"column-2\">0.1Hz<\/td><td class=\"column-3\">0.1Hz<\/td>\n<\/tr>\n<tr class=\"row-5\">\n\t<td class=\"column-1\">Precisi\u00f3n de frecuencia<\/td><td class=\"column-2\">\u00b10.5ppm<\/td><td class=\"column-3\">\u00b10.5ppm<\/td>\n<\/tr>\n<tr class=\"row-6\">\n\t<td class=\"column-1\">Rango de potencia<\/td><td class=\"column-2\">-130dBm to +15dBm<\/td><td class=\"column-3\">-130dBm to +15dBm<\/td>\n<\/tr>\n<tr class=\"row-7\">\n\t<td class=\"column-1\">Paso de potencia<\/td><td class=\"column-2\">0.1dB<\/td><td class=\"column-3\">0.1dB<\/td>\n<\/tr>\n<tr class=\"row-8\">\n\t<td class=\"column-1\">Precisi\u00f3n de potencia<\/td><td class=\"column-2\">\u00b10.75dB @ Lev\u2265-80dBm <br \/>\n\u00b11.5dB @ Lev<-80dBm<br \/>\n\u00b12.5dB@Lev \uff1c -110dBm<\/td><td class=\"column-3\">10MHz \u2264 f \u2264 6GHz:\u00b11.5dB@ Lev \u2265 -110dBm ;\u00b12.5dB@Lev \uff1c -110dBm<br \/>\n6GHz<f \u2264 18GHz:\u00b11.5dB@Lev \u2265 -110dBm<\/td>\n<\/tr>\n<tr class=\"row-9\">\n\t<td class=\"column-1\">Ruido de fase<\/td><td class=\"column-2\">-119dBc\/Hz(typ.) @1GHz<br \/>\n-110dBc\/Hz(typ.)@3GHz<br \/>\n-104dBc\/Hz(typ.)@6GHz<\/td><td class=\"column-3\">-124dBc\/Hz(typ.)@1GHz<br \/>\n108dBc\/Hz(typ.)@10GHz<br \/>\n-102dBc\/Hz(typ.)@18GHz<\/td>\n<\/tr>\n<tr class=\"row-10\">\n\t<td class=\"column-1\">Modulaci\u00f3n digital<\/td><td colspan=\"2\" class=\"column-2\">BPSK\/ QPSK\/ OQPSK\/ 8PSK\/ MSK\/ FSK\/ 16QAM\/ 32QAM\/ 64QAM\/ 128QAM\/ 256QAM\/ ASK<\/td>\n<\/tr>\n<tr class=\"row-11\">\n\t<td class=\"column-1\">Modulaci\u00f3n anal\u00f3gica<\/td><td colspan=\"2\" class=\"column-2\">AM\/FM\/PM<\/td>\n<\/tr>\n<tr class=\"row-12\">\n\t<td class=\"column-1\">Doble tono<\/td><td colspan=\"2\" class=\"column-2\">DSB\/USB\/LSB<\/td>\n<\/tr>\n<tr class=\"row-13\">\n\t<td class=\"column-1\">Tipo de modulaci\u00f3n de se\u00f1al m\u00f3vil<\/td><td colspan=\"2\" class=\"column-2\">GSM\/\/WCDMA\/TDD-LTE\/FDD-LTE\/NB-IoT\/LoRa\/5GNR<\/td>\n<\/tr>\n<tr class=\"row-14\">\n\t<td class=\"column-1\">Dimensiones<\/td><td colspan=\"2\" class=\"column-2\">197\u00d793\u00d761 mm<\/td>\n<\/tr>\n<tr class=\"row-15\">\n\t<td class=\"column-1\">Peso<\/td><td colspan=\"2\" class=\"column-2\">0.9kg<\/td>\n<\/tr>\n<\/tbody>\n<\/table>\n<!-- #tablepress-2 from cache -->","protected":false},"excerpt":{"rendered":"<div class=\"rich-text-block-5 long-desc w-richtext\">\n<p>El generador de se\u00f1ales port\u00e1til (GH60) se caracteriza por su gran portabilidad, lo que lo hace adecuado para pruebas en el sitio y f\u00e1cil de transportar durante pruebas de campo. Cuenta con un excelente rendimiento de RF y admite una amplia variedad de formatos de modulaci\u00f3n digital comunes. Cubre los formatos est\u00e1ndar de comunicaci\u00f3n m\u00f3vil con un alto rango din\u00e1mico, lo que lo convierte en una herramienta vers\u00e1til para diversas aplicaciones. Con un rango de frecuencia de hasta 6 GHz, un dise\u00f1o compacto, una interfaz de usuario intuitiva y capacidades precisas de generaci\u00f3n de se\u00f1ales, el GH60 es una soluci\u00f3n confiable y flexible para profesionales que requieren tanto movilidad como rendimiento.<\/p>\n<\/div>","protected":false},"featured_media":1083,"comment_status":"open","ping_status":"closed","template":"","meta":[],"product_brand":[],"product_cat":[54],"product_tag":[51,52,49,68,67,69,50],"class_list":{"0":"post-1087","1":"product","2":"type-product","3":"status-publish","4":"has-post-thumbnail","6":"product_cat-handheld-signal-generator","7":"product_tag-india","8":"product_tag-indonesia","9":"product_tag-malaysia","10":"product_tag-pakistan","11":"product_tag-singapore","12":"product_tag-uae","13":"product_tag-vietnam","15":"first","16":"instock","17":"shipping-taxable","18":"purchasable","19":"product-type-variable"},"yoast_head":"<!-- This site is optimized with the Yoast SEO plugin v27.0 - https:\/\/yoast.com\/product\/yoast-seo-wordpress\/ -->\n<title>Handheld Signal Generator \u2013 Portable &amp; Precise Signal Testing Tool<\/title>\n<meta name=\"description\" content=\"Discover the handheld signal generator for accurate, portable signal testing. Ideal for fieldwork and lab use. Buy now at Sanko!\" \/>\n<meta name=\"robots\" content=\"index, follow, max-snippet:-1, max-image-preview:large, max-video-preview:-1\" \/>\n<link rel=\"canonical\" href=\"https:\/\/sankorf.com\/es\/product\/handheld-signal-generator\/\" \/>\n<meta property=\"og:locale\" content=\"es_ES\" \/>\n<meta property=\"og:type\" content=\"article\" \/>\n<meta property=\"og:title\" content=\"Handheld Signal Generator \u2013 Portable &amp; Precise Signal Testing Tool\" \/>\n<meta property=\"og:description\" content=\"Discover the handheld signal generator for accurate, portable signal testing. Ideal for fieldwork and lab use. Buy now at Sanko!\" \/>\n<meta property=\"og:url\" content=\"https:\/\/sankorf.com\/es\/product\/handheld-signal-generator\/\" \/>\n<meta property=\"og:site_name\" content=\"sankorf.com\" \/>\n<meta property=\"article:publisher\" content=\"https:\/\/www.facebook.com\/SankoRF\/\" \/>\n<meta property=\"article:modified_time\" content=\"2026-01-27T03:49:06+00:00\" \/>\n<meta property=\"og:image\" content=\"http:\/\/sankorf.com\/wp-content\/uploads\/2022\/05\/GH60.png\" \/>\n\t<meta property=\"og:image:width\" content=\"628\" \/>\n\t<meta property=\"og:image:height\" content=\"480\" \/>\n\t<meta property=\"og:image:type\" content=\"image\/png\" \/>\n<meta name=\"twitter:card\" content=\"summary_large_image\" \/>\n<meta name=\"twitter:label1\" content=\"Tiempo de lectura\" \/>\n\t<meta name=\"twitter:data1\" content=\"1 minuto\" \/>\n<script type=\"application\/ld+json\" class=\"yoast-schema-graph\">{\"@context\":\"https:\/\/schema.org\",\"@graph\":[{\"@type\":\"WebPage\",\"@id\":\"https:\/\/sankorf.com\/product\/handheld-signal-generator\/\",\"url\":\"https:\/\/sankorf.com\/product\/handheld-signal-generator\/\",\"name\":\"Handheld Signal Generator \u2013 Portable & Precise Signal Testing Tool\",\"isPartOf\":{\"@id\":\"https:\/\/sankorf.com\/#website\"},\"primaryImageOfPage\":{\"@id\":\"https:\/\/sankorf.com\/product\/handheld-signal-generator\/#primaryimage\"},\"image\":{\"@id\":\"https:\/\/sankorf.com\/product\/handheld-signal-generator\/#primaryimage\"},\"thumbnailUrl\":\"https:\/\/sankorf.com\/wp-content\/uploads\/2022\/05\/GH60.png\",\"datePublished\":\"2025-05-08T07:47:42+00:00\",\"dateModified\":\"2026-01-27T03:49:06+00:00\",\"description\":\"Discover the handheld signal generator for accurate, portable signal testing. Ideal for fieldwork and lab use. Buy now at Sanko!\",\"breadcrumb\":{\"@id\":\"https:\/\/sankorf.com\/product\/handheld-signal-generator\/#breadcrumb\"},\"inLanguage\":\"es\",\"potentialAction\":[{\"@type\":\"ReadAction\",\"target\":[\"https:\/\/sankorf.com\/product\/handheld-signal-generator\/\"]}]},{\"@type\":\"ImageObject\",\"inLanguage\":\"es\",\"@id\":\"https:\/\/sankorf.com\/product\/handheld-signal-generator\/#primaryimage\",\"url\":\"https:\/\/sankorf.com\/wp-content\/uploads\/2022\/05\/GH60.png\",\"contentUrl\":\"https:\/\/sankorf.com\/wp-content\/uploads\/2022\/05\/GH60.png\",\"width\":628,\"height\":480},{\"@type\":\"BreadcrumbList\",\"@id\":\"https:\/\/sankorf.com\/product\/handheld-signal-generator\/#breadcrumb\",\"itemListElement\":[{\"@type\":\"ListItem\",\"position\":1,\"name\":\"Home\",\"item\":\"https:\/\/sankorf.com\/\"},{\"@type\":\"ListItem\",\"position\":2,\"name\":\"Products\",\"item\":\"https:\/\/sankorf.com\/products\/\"},{\"@type\":\"ListItem\",\"position\":3,\"name\":\"Handheld Signal Generator\"}]},{\"@type\":\"WebSite\",\"@id\":\"https:\/\/sankorf.com\/#website\",\"url\":\"https:\/\/sankorf.com\/\",\"name\":\"Sanko Technologies Sdn Bhd\",\"description\":\"\",\"publisher\":{\"@id\":\"https:\/\/sankorf.com\/#organization\"},\"potentialAction\":[{\"@type\":\"SearchAction\",\"target\":{\"@type\":\"EntryPoint\",\"urlTemplate\":\"https:\/\/sankorf.com\/?s={search_term_string}\"},\"query-input\":{\"@type\":\"PropertyValueSpecification\",\"valueRequired\":true,\"valueName\":\"search_term_string\"}}],\"inLanguage\":\"es\"},{\"@type\":\"Organization\",\"@id\":\"https:\/\/sankorf.com\/#organization\",\"name\":\"Sanko Technologies Sdn Bhd\",\"url\":\"https:\/\/sankorf.com\/\",\"logo\":{\"@type\":\"ImageObject\",\"inLanguage\":\"es\",\"@id\":\"https:\/\/sankorf.com\/#\/schema\/logo\/image\/\",\"url\":\"https:\/\/sankorf.com\/wp-content\/uploads\/2025\/05\/logo-horizontal.png\",\"contentUrl\":\"https:\/\/sankorf.com\/wp-content\/uploads\/2025\/05\/logo-horizontal.png\",\"width\":700,\"height\":52,\"caption\":\"Sanko Technologies Sdn Bhd\"},\"image\":{\"@id\":\"https:\/\/sankorf.com\/#\/schema\/logo\/image\/\"},\"sameAs\":[\"https:\/\/www.facebook.com\/SankoRF\/\"]}]}<\/script>\n<!-- \/ Yoast SEO plugin. -->","yoast_head_json":{"title":"Handheld Signal Generator \u2013 Portable & Precise Signal Testing Tool","description":"Discover the handheld signal generator for accurate, portable signal testing. Ideal for fieldwork and lab use. Buy now at Sanko!","robots":{"index":"index","follow":"follow","max-snippet":"max-snippet:-1","max-image-preview":"max-image-preview:large","max-video-preview":"max-video-preview:-1"},"canonical":"https:\/\/sankorf.com\/es\/product\/handheld-signal-generator\/","og_locale":"es_ES","og_type":"article","og_title":"Handheld Signal Generator \u2013 Portable & Precise Signal Testing Tool","og_description":"Discover the handheld signal generator for accurate, portable signal testing. Ideal for fieldwork and lab use. Buy now at Sanko!","og_url":"https:\/\/sankorf.com\/es\/product\/handheld-signal-generator\/","og_site_name":"sankorf.com","article_publisher":"https:\/\/www.facebook.com\/SankoRF\/","article_modified_time":"2026-01-27T03:49:06+00:00","og_image":[{"width":628,"height":480,"url":"http:\/\/sankorf.com\/wp-content\/uploads\/2022\/05\/GH60.png","type":"image\/png"}],"twitter_card":"summary_large_image","twitter_misc":{"Tiempo de lectura":"1 minuto"},"schema":{"@context":"https:\/\/schema.org","@graph":[{"@type":"WebPage","@id":"https:\/\/sankorf.com\/product\/handheld-signal-generator\/","url":"https:\/\/sankorf.com\/product\/handheld-signal-generator\/","name":"Handheld Signal Generator \u2013 Portable & Precise Signal Testing Tool","isPartOf":{"@id":"https:\/\/sankorf.com\/#website"},"primaryImageOfPage":{"@id":"https:\/\/sankorf.com\/product\/handheld-signal-generator\/#primaryimage"},"image":{"@id":"https:\/\/sankorf.com\/product\/handheld-signal-generator\/#primaryimage"},"thumbnailUrl":"https:\/\/sankorf.com\/wp-content\/uploads\/2022\/05\/GH60.png","datePublished":"2025-05-08T07:47:42+00:00","dateModified":"2026-01-27T03:49:06+00:00","description":"Discover the handheld signal generator for accurate, portable signal testing. Ideal for fieldwork and lab use. Buy now at Sanko!","breadcrumb":{"@id":"https:\/\/sankorf.com\/product\/handheld-signal-generator\/#breadcrumb"},"inLanguage":"es","potentialAction":[{"@type":"ReadAction","target":["https:\/\/sankorf.com\/product\/handheld-signal-generator\/"]}]},{"@type":"ImageObject","inLanguage":"es","@id":"https:\/\/sankorf.com\/product\/handheld-signal-generator\/#primaryimage","url":"https:\/\/sankorf.com\/wp-content\/uploads\/2022\/05\/GH60.png","contentUrl":"https:\/\/sankorf.com\/wp-content\/uploads\/2022\/05\/GH60.png","width":628,"height":480},{"@type":"BreadcrumbList","@id":"https:\/\/sankorf.com\/product\/handheld-signal-generator\/#breadcrumb","itemListElement":[{"@type":"ListItem","position":1,"name":"Home","item":"https:\/\/sankorf.com\/"},{"@type":"ListItem","position":2,"name":"Products","item":"https:\/\/sankorf.com\/products\/"},{"@type":"ListItem","position":3,"name":"Handheld Signal Generator"}]},{"@type":"WebSite","@id":"https:\/\/sankorf.com\/#website","url":"https:\/\/sankorf.com\/","name":"Sanko Technologies Sdn Bhd","description":"","publisher":{"@id":"https:\/\/sankorf.com\/#organization"},"potentialAction":[{"@type":"SearchAction","target":{"@type":"EntryPoint","urlTemplate":"https:\/\/sankorf.com\/?s={search_term_string}"},"query-input":{"@type":"PropertyValueSpecification","valueRequired":true,"valueName":"search_term_string"}}],"inLanguage":"es"},{"@type":"Organization","@id":"https:\/\/sankorf.com\/#organization","name":"Sanko Technologies Sdn Bhd","url":"https:\/\/sankorf.com\/","logo":{"@type":"ImageObject","inLanguage":"es","@id":"https:\/\/sankorf.com\/#\/schema\/logo\/image\/","url":"https:\/\/sankorf.com\/wp-content\/uploads\/2025\/05\/logo-horizontal.png","contentUrl":"https:\/\/sankorf.com\/wp-content\/uploads\/2025\/05\/logo-horizontal.png","width":700,"height":52,"caption":"Sanko Technologies Sdn Bhd"},"image":{"@id":"https:\/\/sankorf.com\/#\/schema\/logo\/image\/"},"sameAs":["https:\/\/www.facebook.com\/SankoRF\/"]}]}},"_links":{"self":[{"href":"https:\/\/sankorf.com\/es\/wp-json\/wp\/v2\/product\/1087","targetHints":{"allow":["GET"]}}],"collection":[{"href":"https:\/\/sankorf.com\/es\/wp-json\/wp\/v2\/product"}],"about":[{"href":"https:\/\/sankorf.com\/es\/wp-json\/wp\/v2\/types\/product"}],"replies":[{"embeddable":true,"href":"https:\/\/sankorf.com\/es\/wp-json\/wp\/v2\/comments?post=1087"}],"wp:featuredmedia":[{"embeddable":true,"href":"https:\/\/sankorf.com\/es\/wp-json\/wp\/v2\/media\/1083"}],"wp:attachment":[{"href":"https:\/\/sankorf.com\/es\/wp-json\/wp\/v2\/media?parent=1087"}],"wp:term":[{"taxonomy":"product_brand","embeddable":true,"href":"https:\/\/sankorf.com\/es\/wp-json\/wp\/v2\/product_brand?post=1087"},{"taxonomy":"product_cat","embeddable":true,"href":"https:\/\/sankorf.com\/es\/wp-json\/wp\/v2\/product_cat?post=1087"},{"taxonomy":"product_tag","embeddable":true,"href":"https:\/\/sankorf.com\/es\/wp-json\/wp\/v2\/product_tag?post=1087"}],"curies":[{"name":"wp","href":"https:\/\/api.w.org\/{rel}","templated":true}]}}