{"id":1088,"date":"2025-05-08T07:48:14","date_gmt":"2025-05-08T07:48:14","guid":{"rendered":"https:\/\/sankorf.com\/?post_type=product&#038;p=1088"},"modified":"2026-01-27T03:49:38","modified_gmt":"2026-01-27T03:49:38","slug":"handheld-spectrum-analyzer","status":"publish","type":"product","link":"https:\/\/sankorf.com\/es\/product\/handheld-spectrum-analyzer\/","title":{"rendered":"Analizador de espectro port\u00e1til"},"content":{"rendered":"<p><strong>Especificaciones<\/strong><\/p>\n\n<table id=\"tablepress-3\" class=\"tablepress tablepress-id-3\">\n<thead>\n<tr class=\"row-1\">\n\t<th class=\"column-1\">Modelo<\/th><th class=\"column-2\">SH60s-TC<\/th><th class=\"column-3\">SH75s-TC<\/th><th class=\"column-4\">SH180s-TC<\/th>\n<\/tr>\n<\/thead>\n<tbody class=\"row-striping row-hover\">\n<tr class=\"row-2\">\n\t<td class=\"column-1\">Rangos de frecuencia<\/td><td class=\"column-2\">9kHz-6GHz<\/td><td class=\"column-3\">9kHz-7.5GHz<\/td><td class=\"column-4\">9kHz-18GHz<\/td>\n<\/tr>\n<tr class=\"row-3\">\n\t<td class=\"column-1\">Puerto RF<\/td><td class=\"column-2\">N -Female 50 \u03a9<\/td><td class=\"column-3\">N -Female 50 \u03a9<\/td><td class=\"column-4\">N -Female 50 \u03a9<\/td>\n<\/tr>\n<tr class=\"row-4\">\n\t<td class=\"column-1\">Envejecimiento<\/td><td class=\"column-2\">\u00b11ppm<\/td><td class=\"column-3\">\u00b11ppm<\/td><td class=\"column-4\">\u00b11ppm<\/td>\n<\/tr>\n<tr class=\"row-5\">\n\t<td class=\"column-1\">Tiempo de barrido<\/td><td class=\"column-2\">1.1ms to 1600s Full Span\uff0c<br \/>\n2.69ms to 1600s settable  zero span<\/td><td class=\"column-3\">1.1ms to 1600s Full Span\uff0c<br \/>\n2.69ms to 1600s settable  zero span<\/td><td class=\"column-4\">1ms to 1600s Full Span\uff0c<br \/>\n1.25ms to 1600s settable  zero span<\/td>\n<\/tr>\n<tr class=\"row-6\">\n\t<td class=\"column-1\">Ancho de banda de resoluci\u00f3n<\/td><td class=\"column-2\">10Hz \uff5e 5MHz in 1,2,3,5,10 steps<\/td><td class=\"column-3\">10Hz \uff5e 5MHz in 1,2,3,5,10 steps<\/td><td class=\"column-4\">10Hz \uff5e 5MHz in 1,2,3,5,10 steps<\/td>\n<\/tr>\n<tr class=\"row-7\">\n\t<td class=\"column-1\">Distorsi\u00f3n arm\u00f3nica de segunda orden<\/td><td class=\"column-2\">80dBc<\/td><td class=\"column-3\">80dBc<\/td><td class=\"column-4\">90dBc<\/td>\n<\/tr>\n<tr class=\"row-8\">\n\t<td class=\"column-1\">Punto de intercepci\u00f3n de tercer orden de entrada (IIP3)<\/td><td class=\"column-2\">+17.5dBm<\/td><td class=\"column-3\">+17.5dBm<\/td><td class=\"column-4\">+15dBm<\/td>\n<\/tr>\n<tr class=\"row-9\">\n\t<td class=\"column-1\">P1dB (Punto de compresi\u00f3n de 1 dB)<\/td><td class=\"column-2\">0dBm<\/td><td class=\"column-3\">0dBm<\/td><td class=\"column-4\">0dBm<\/td>\n<\/tr>\n<tr class=\"row-10\">\n\t<td class=\"column-1\">Ruido de fase @1GHz<\/td><td class=\"column-2\">-95dBc\/Hz,@10kHz offset (typical -97dBc\/Hz)<br \/>\n-115dBc\/Hz,@1MHz offset (typical -116dBc\/Hz)<\/td><td class=\"column-3\">-95dBc\/Hz,@10kHz offset (typical -97dBc\/Hz)<br \/>\n-115dBc\/Hz,@1MHz offset (typical -116dBc\/Hz)<\/td><td class=\"column-4\">-109dBc\/Hz,@10kHz offset (typical -110dBc\/Hz)<br \/>\n-124dBc\/Hz,@1MHz offset (typical -125dBc\/Hz)<\/td>\n<\/tr>\n<tr class=\"row-11\">\n\t<td class=\"column-1\">Rango de medici\u00f3n<\/td><td class=\"column-2\">DANL ~ +20dBm<\/td><td class=\"column-3\">DANL ~ +20dBm<\/td><td class=\"column-4\">DANL ~ +20dBm<\/td>\n<\/tr>\n<tr class=\"row-12\">\n\t<td class=\"column-1\">Nivel de Ruido Promedio en Pantalla (DANL)<\/td><td class=\"column-2\">Preamp off          : 1GHz,-131dBm\/Hz\uff08typ. -133dBm\/Hz\uff09<br \/>\nPreamp +20dBm:1GHz,-149dBm\/Hz\uff08typ. -151dBm\/Hz\uff09<br \/>\nPreamp +40dBm:1GHz,-166dBm\/Hz\uff08typ. -168dBm\/Hz\uff09<\/td><td class=\"column-3\">Preamp off          : 1GHz,-131dBm\/Hz\uff08typ. -133dBm\/Hz\uff09<br \/>\nPreamp +20dBm:1GHz,-149dBm\/Hz\uff08typ. -151dBm\/Hz\uff09<br \/>\nPreamp +40dBm:1GHz,-166dBm\/Hz\uff08typ. -168dBm\/Hz\uff09<\/td><td class=\"column-4\">Preamp off          : 1GHz,-133dBm\/Hz,\uff08typ. -135dBm\/Hz<br \/>\nPreamp +20dBm:1GHz,-146dBm\/Hz,\uff08typ. -148dBm\/Hz\uff09<br \/>\nPreamp +40dBm:1GHz,-160dBm\/Hz,\uff08typ. -162dBm\/Hz\uff09<\/td>\n<\/tr>\n<tr class=\"row-13\">\n\t<td class=\"column-1\">Respuesta residual<\/td><td class=\"column-2\">-70dBm<\/td><td class=\"column-3\">-70dBm<\/td><td class=\"column-4\">< -65dBm<\/td>\n<\/tr>\n<tr class=\"row-14\">\n\t<td class=\"column-1\">Error de ancho de barrido<\/td><td class=\"column-2\">1%<\/td><td class=\"column-3\">1%<\/td><td class=\"column-4\">1%<\/td>\n<\/tr>\n<tr class=\"row-15\">\n\t<td class=\"column-1\">Precisi\u00f3n de amplitud<\/td><td class=\"column-2\">\u00b11.5dB<\/td><td class=\"column-3\">\u00b11.5dB<\/td><td class=\"column-4\">\u00b11.5dB<\/td>\n<\/tr>\n<tr class=\"row-16\">\n\t<td class=\"column-1\">Precisi\u00f3n del nivel de referencia<\/td><td class=\"column-2\">Ref level\u2265 -60dBm\uff0c\u00b10.8dB<\/td><td class=\"column-3\">Ref level\u2265 -60dBm\uff0c\u00b10.8dB<\/td><td class=\"column-4\">Ref level\u2265 -60dBm\uff0c\u00b10.8dB<\/td>\n<\/tr>\n<tr class=\"row-17\">\n\t<td class=\"column-1\">Ancho de banda instant\u00e1neo (IBW)<\/td><td class=\"column-2\">Default:20MHz (Upgradeable to 100MHz)<\/td><td class=\"column-3\">Default:20MHz (Upgradeable to 100MHz)<\/td><td class=\"column-4\">Default:20MHz (Upgradeable to 100MHz)<\/td>\n<\/tr>\n<tr class=\"row-18\">\n\t<td class=\"column-1\">Pantalla<\/td><td class=\"column-2\">5.5 in ,1280*720p<\/td><td class=\"column-3\">5.5 in ,1280*720p<\/td><td class=\"column-4\">5.5 in ,1280*720p<\/td>\n<\/tr>\n<tr class=\"row-19\">\n\t<td class=\"column-1\">Dimensiones<\/td><td class=\"column-2\">197\u00d793\u00d761 mm<\/td><td class=\"column-3\">197\u00d793\u00d761 mm<\/td><td class=\"column-4\">197\u00d793\u00d761 mm<\/td>\n<\/tr>\n<tr class=\"row-20\">\n\t<td class=\"column-1\">Peso<\/td><td class=\"column-2\">0.9kg<\/td><td class=\"column-3\">0.9kg<\/td><td class=\"column-4\">0.9kg<\/td>\n<\/tr>\n<\/tbody>\n<\/table>\n<!-- #tablepress-3 from cache -->","protected":false},"excerpt":{"rendered":"<p>El SignalHawk, SH-60S y SH75s, ofrece monitoreo y an\u00e1lisis en tiempo real del espectro de circuitos de frecuencia RF con un amplio rango de frecuencia entre 9kHz y 6 GHz \/ 7.5GHz. Nuestro analizador ha sido desarrollado para ingenieros de campo, t\u00e9cnicos, fabricantes de equipos inal\u00e1mbricos, proveedores de servicios, contratistas, instaladores de torres y personal militar en el campo. Bird combina funcionalidad de primera clase con un dise\u00f1o compacto y cuenta con una interfaz de usuario t\u00e1ctil e intuitiva. SignalHawk le permite experimentar un alto rendimiento y funciones avanzadas dondequiera que lo lleve. Las r\u00e1fagas de se\u00f1al y los transitorios pueden visualizarse utilizando la funci\u00f3n de \u201ccero ancho de banda\u201d con disparo a nivel de video (es decir, un osciloscopio con tiempo en el eje x) o la visualizaci\u00f3n en \u201ccascada\u201d (gr\u00e1fico de desplazamiento codificado por colores) para analizar fuentes de se\u00f1al intermitentes.<\/p>","protected":false},"featured_media":1082,"comment_status":"open","ping_status":"closed","template":"","meta":[],"product_brand":[],"product_cat":[55],"product_tag":[51,52,49,68,67,69,50],"class_list":{"0":"post-1088","1":"product","2":"type-product","3":"status-publish","4":"has-post-thumbnail","6":"product_cat-handheld-spectrum-analyzer","7":"product_tag-india","8":"product_tag-indonesia","9":"product_tag-malaysia","10":"product_tag-pakistan","11":"product_tag-singapore","12":"product_tag-uae","13":"product_tag-vietnam","15":"first","16":"instock","17":"shipping-taxable","18":"purchasable","19":"product-type-variable"},"yoast_head":"<!-- This site is optimized with the Yoast SEO plugin v27.0 - https:\/\/yoast.com\/product\/yoast-seo-wordpress\/ -->\n<title>Handheld Spectrum Analyzer | Accurate RF Signal Analysis | Sanko<\/title>\n<meta name=\"description\" content=\"Discover Sanko\u2019s handheld spectrum analyzer for precise, portable RF signal testing. Compact, reliable, and easy to use in any environment.\" \/>\n<meta name=\"robots\" content=\"index, follow, max-snippet:-1, max-image-preview:large, max-video-preview:-1\" \/>\n<link rel=\"canonical\" href=\"https:\/\/sankorf.com\/es\/product\/handheld-spectrum-analyzer\/\" \/>\n<meta property=\"og:locale\" content=\"es_ES\" \/>\n<meta property=\"og:type\" content=\"article\" \/>\n<meta property=\"og:title\" content=\"Handheld Spectrum Analyzer | Accurate RF Signal Analysis | Sanko\" \/>\n<meta property=\"og:description\" content=\"Discover Sanko\u2019s handheld spectrum analyzer for precise, portable RF signal testing. Compact, reliable, and easy to use in any environment.\" \/>\n<meta property=\"og:url\" content=\"https:\/\/sankorf.com\/es\/product\/handheld-spectrum-analyzer\/\" \/>\n<meta property=\"og:site_name\" content=\"sankorf.com\" \/>\n<meta property=\"article:publisher\" content=\"https:\/\/www.facebook.com\/SankoRF\/\" \/>\n<meta property=\"article:modified_time\" content=\"2026-01-27T03:49:38+00:00\" \/>\n<meta property=\"og:image\" content=\"http:\/\/sankorf.com\/wp-content\/uploads\/2022\/05\/SH-series.png\" \/>\n\t<meta property=\"og:image:width\" content=\"627\" \/>\n\t<meta property=\"og:image:height\" content=\"480\" \/>\n\t<meta property=\"og:image:type\" content=\"image\/png\" \/>\n<meta name=\"twitter:card\" content=\"summary_large_image\" \/>\n<meta name=\"twitter:label1\" content=\"Tiempo de lectura\" \/>\n\t<meta name=\"twitter:data1\" content=\"1 minuto\" \/>\n<script type=\"application\/ld+json\" class=\"yoast-schema-graph\">{\"@context\":\"https:\/\/schema.org\",\"@graph\":[{\"@type\":\"WebPage\",\"@id\":\"https:\/\/sankorf.com\/product\/handheld-spectrum-analyzer\/\",\"url\":\"https:\/\/sankorf.com\/product\/handheld-spectrum-analyzer\/\",\"name\":\"Handheld Spectrum Analyzer | Accurate RF Signal Analysis | Sanko\",\"isPartOf\":{\"@id\":\"https:\/\/sankorf.com\/#website\"},\"primaryImageOfPage\":{\"@id\":\"https:\/\/sankorf.com\/product\/handheld-spectrum-analyzer\/#primaryimage\"},\"image\":{\"@id\":\"https:\/\/sankorf.com\/product\/handheld-spectrum-analyzer\/#primaryimage\"},\"thumbnailUrl\":\"https:\/\/sankorf.com\/wp-content\/uploads\/2022\/05\/SH-series.png\",\"datePublished\":\"2025-05-08T07:48:14+00:00\",\"dateModified\":\"2026-01-27T03:49:38+00:00\",\"description\":\"Discover Sanko\u2019s handheld spectrum analyzer for precise, portable RF signal testing. Compact, reliable, and easy to use in any environment.\",\"breadcrumb\":{\"@id\":\"https:\/\/sankorf.com\/product\/handheld-spectrum-analyzer\/#breadcrumb\"},\"inLanguage\":\"es\",\"potentialAction\":[{\"@type\":\"ReadAction\",\"target\":[\"https:\/\/sankorf.com\/product\/handheld-spectrum-analyzer\/\"]}]},{\"@type\":\"ImageObject\",\"inLanguage\":\"es\",\"@id\":\"https:\/\/sankorf.com\/product\/handheld-spectrum-analyzer\/#primaryimage\",\"url\":\"https:\/\/sankorf.com\/wp-content\/uploads\/2022\/05\/SH-series.png\",\"contentUrl\":\"https:\/\/sankorf.com\/wp-content\/uploads\/2022\/05\/SH-series.png\",\"width\":627,\"height\":480,\"caption\":\"Handheld spectrum analyzer\"},{\"@type\":\"BreadcrumbList\",\"@id\":\"https:\/\/sankorf.com\/product\/handheld-spectrum-analyzer\/#breadcrumb\",\"itemListElement\":[{\"@type\":\"ListItem\",\"position\":1,\"name\":\"Home\",\"item\":\"https:\/\/sankorf.com\/\"},{\"@type\":\"ListItem\",\"position\":2,\"name\":\"Products\",\"item\":\"https:\/\/sankorf.com\/products\/\"},{\"@type\":\"ListItem\",\"position\":3,\"name\":\"Handheld Spectrum Analyzer\"}]},{\"@type\":\"WebSite\",\"@id\":\"https:\/\/sankorf.com\/#website\",\"url\":\"https:\/\/sankorf.com\/\",\"name\":\"Sanko Technologies Sdn Bhd\",\"description\":\"\",\"publisher\":{\"@id\":\"https:\/\/sankorf.com\/#organization\"},\"potentialAction\":[{\"@type\":\"SearchAction\",\"target\":{\"@type\":\"EntryPoint\",\"urlTemplate\":\"https:\/\/sankorf.com\/?s={search_term_string}\"},\"query-input\":{\"@type\":\"PropertyValueSpecification\",\"valueRequired\":true,\"valueName\":\"search_term_string\"}}],\"inLanguage\":\"es\"},{\"@type\":\"Organization\",\"@id\":\"https:\/\/sankorf.com\/#organization\",\"name\":\"Sanko Technologies Sdn Bhd\",\"url\":\"https:\/\/sankorf.com\/\",\"logo\":{\"@type\":\"ImageObject\",\"inLanguage\":\"es\",\"@id\":\"https:\/\/sankorf.com\/#\/schema\/logo\/image\/\",\"url\":\"https:\/\/sankorf.com\/wp-content\/uploads\/2025\/05\/logo-horizontal.png\",\"contentUrl\":\"https:\/\/sankorf.com\/wp-content\/uploads\/2025\/05\/logo-horizontal.png\",\"width\":700,\"height\":52,\"caption\":\"Sanko Technologies Sdn Bhd\"},\"image\":{\"@id\":\"https:\/\/sankorf.com\/#\/schema\/logo\/image\/\"},\"sameAs\":[\"https:\/\/www.facebook.com\/SankoRF\/\"]}]}<\/script>\n<!-- \/ Yoast SEO plugin. -->","yoast_head_json":{"title":"Handheld Spectrum Analyzer | Accurate RF Signal Analysis | Sanko","description":"Discover Sanko\u2019s handheld spectrum analyzer for precise, portable RF signal testing. Compact, reliable, and easy to use in any environment.","robots":{"index":"index","follow":"follow","max-snippet":"max-snippet:-1","max-image-preview":"max-image-preview:large","max-video-preview":"max-video-preview:-1"},"canonical":"https:\/\/sankorf.com\/es\/product\/handheld-spectrum-analyzer\/","og_locale":"es_ES","og_type":"article","og_title":"Handheld Spectrum Analyzer | Accurate RF Signal Analysis | Sanko","og_description":"Discover Sanko\u2019s handheld spectrum analyzer for precise, portable RF signal testing. Compact, reliable, and easy to use in any environment.","og_url":"https:\/\/sankorf.com\/es\/product\/handheld-spectrum-analyzer\/","og_site_name":"sankorf.com","article_publisher":"https:\/\/www.facebook.com\/SankoRF\/","article_modified_time":"2026-01-27T03:49:38+00:00","og_image":[{"width":627,"height":480,"url":"http:\/\/sankorf.com\/wp-content\/uploads\/2022\/05\/SH-series.png","type":"image\/png"}],"twitter_card":"summary_large_image","twitter_misc":{"Tiempo de lectura":"1 minuto"},"schema":{"@context":"https:\/\/schema.org","@graph":[{"@type":"WebPage","@id":"https:\/\/sankorf.com\/product\/handheld-spectrum-analyzer\/","url":"https:\/\/sankorf.com\/product\/handheld-spectrum-analyzer\/","name":"Handheld Spectrum Analyzer | Accurate RF Signal Analysis | Sanko","isPartOf":{"@id":"https:\/\/sankorf.com\/#website"},"primaryImageOfPage":{"@id":"https:\/\/sankorf.com\/product\/handheld-spectrum-analyzer\/#primaryimage"},"image":{"@id":"https:\/\/sankorf.com\/product\/handheld-spectrum-analyzer\/#primaryimage"},"thumbnailUrl":"https:\/\/sankorf.com\/wp-content\/uploads\/2022\/05\/SH-series.png","datePublished":"2025-05-08T07:48:14+00:00","dateModified":"2026-01-27T03:49:38+00:00","description":"Discover Sanko\u2019s handheld spectrum analyzer for precise, portable RF signal testing. Compact, reliable, and easy to use in any environment.","breadcrumb":{"@id":"https:\/\/sankorf.com\/product\/handheld-spectrum-analyzer\/#breadcrumb"},"inLanguage":"es","potentialAction":[{"@type":"ReadAction","target":["https:\/\/sankorf.com\/product\/handheld-spectrum-analyzer\/"]}]},{"@type":"ImageObject","inLanguage":"es","@id":"https:\/\/sankorf.com\/product\/handheld-spectrum-analyzer\/#primaryimage","url":"https:\/\/sankorf.com\/wp-content\/uploads\/2022\/05\/SH-series.png","contentUrl":"https:\/\/sankorf.com\/wp-content\/uploads\/2022\/05\/SH-series.png","width":627,"height":480,"caption":"Handheld spectrum analyzer"},{"@type":"BreadcrumbList","@id":"https:\/\/sankorf.com\/product\/handheld-spectrum-analyzer\/#breadcrumb","itemListElement":[{"@type":"ListItem","position":1,"name":"Home","item":"https:\/\/sankorf.com\/"},{"@type":"ListItem","position":2,"name":"Products","item":"https:\/\/sankorf.com\/products\/"},{"@type":"ListItem","position":3,"name":"Handheld Spectrum Analyzer"}]},{"@type":"WebSite","@id":"https:\/\/sankorf.com\/#website","url":"https:\/\/sankorf.com\/","name":"Sanko Technologies Sdn Bhd","description":"","publisher":{"@id":"https:\/\/sankorf.com\/#organization"},"potentialAction":[{"@type":"SearchAction","target":{"@type":"EntryPoint","urlTemplate":"https:\/\/sankorf.com\/?s={search_term_string}"},"query-input":{"@type":"PropertyValueSpecification","valueRequired":true,"valueName":"search_term_string"}}],"inLanguage":"es"},{"@type":"Organization","@id":"https:\/\/sankorf.com\/#organization","name":"Sanko Technologies Sdn Bhd","url":"https:\/\/sankorf.com\/","logo":{"@type":"ImageObject","inLanguage":"es","@id":"https:\/\/sankorf.com\/#\/schema\/logo\/image\/","url":"https:\/\/sankorf.com\/wp-content\/uploads\/2025\/05\/logo-horizontal.png","contentUrl":"https:\/\/sankorf.com\/wp-content\/uploads\/2025\/05\/logo-horizontal.png","width":700,"height":52,"caption":"Sanko Technologies Sdn Bhd"},"image":{"@id":"https:\/\/sankorf.com\/#\/schema\/logo\/image\/"},"sameAs":["https:\/\/www.facebook.com\/SankoRF\/"]}]}},"_links":{"self":[{"href":"https:\/\/sankorf.com\/es\/wp-json\/wp\/v2\/product\/1088","targetHints":{"allow":["GET"]}}],"collection":[{"href":"https:\/\/sankorf.com\/es\/wp-json\/wp\/v2\/product"}],"about":[{"href":"https:\/\/sankorf.com\/es\/wp-json\/wp\/v2\/types\/product"}],"replies":[{"embeddable":true,"href":"https:\/\/sankorf.com\/es\/wp-json\/wp\/v2\/comments?post=1088"}],"wp:featuredmedia":[{"embeddable":true,"href":"https:\/\/sankorf.com\/es\/wp-json\/wp\/v2\/media\/1082"}],"wp:attachment":[{"href":"https:\/\/sankorf.com\/es\/wp-json\/wp\/v2\/media?parent=1088"}],"wp:term":[{"taxonomy":"product_brand","embeddable":true,"href":"https:\/\/sankorf.com\/es\/wp-json\/wp\/v2\/product_brand?post=1088"},{"taxonomy":"product_cat","embeddable":true,"href":"https:\/\/sankorf.com\/es\/wp-json\/wp\/v2\/product_cat?post=1088"},{"taxonomy":"product_tag","embeddable":true,"href":"https:\/\/sankorf.com\/es\/wp-json\/wp\/v2\/product_tag?post=1088"}],"curies":[{"name":"wp","href":"https:\/\/api.w.org\/{rel}","templated":true}]}}