{"id":1089,"date":"2025-05-08T07:48:44","date_gmt":"2025-05-08T07:48:44","guid":{"rendered":"https:\/\/sankorf.com\/?post_type=product&#038;p=1089"},"modified":"2026-01-27T03:50:09","modified_gmt":"2026-01-27T03:50:09","slug":"analizador-de-cables-y-antenas-portatil","status":"publish","type":"product","link":"https:\/\/sankorf.com\/es\/product\/handheld-cable-and-antenna-analyzer\/","title":{"rendered":"Analizador de Cable y Antena de Mano"},"content":{"rendered":"<p><strong>Especificaciones<\/strong><\/p>\n\n<table id=\"tablepress-4\" class=\"tablepress tablepress-id-4\">\n<thead>\n<tr class=\"row-1\">\n\t<th class=\"column-1\">Modelo<\/th><th class=\"column-2\">SK4500-TC<\/th><th class=\"column-3\">SK6000-TC<\/th><th class=\"column-4\">SK9000-TC<\/th>\n<\/tr>\n<\/thead>\n<tbody class=\"row-striping row-hover\">\n<tr class=\"row-2\">\n\t<td class=\"column-1\">Rango de frecuencia<\/td><td class=\"column-2\">1MHz-4500MHz<\/td><td class=\"column-3\">1M-6000MHz<\/td><td class=\"column-4\">1MHz-9000MHz<\/td>\n<\/tr>\n<tr class=\"row-3\">\n\t<td class=\"column-1\">Resoluci\u00f3n de frecuencia<\/td><td class=\"column-2\">1kHz<\/td><td class=\"column-3\">1kHz<\/td><td class=\"column-4\">1kHz<\/td>\n<\/tr>\n<tr class=\"row-4\">\n\t<td class=\"column-1\">Potencia de salida <\/td><td class=\"column-2\">-10dBm,typical<\/td><td class=\"column-3\">-10dBm,typical<\/td><td class=\"column-4\">-10dBm,typical<\/td>\n<\/tr>\n<tr class=\"row-5\">\n\t<td class=\"column-1\">Ruido de traza @ IFBW 1kHz<\/td><td class=\"column-2\">0.05dB rms<\/td><td class=\"column-3\">0.05dB rms<\/td><td class=\"column-4\">0.05dB rms<\/td>\n<\/tr>\n<tr class=\"row-6\">\n\t<td class=\"column-1\">Velocidad de medici\u00f3n <\/td><td class=\"column-2\">1ms \/ data point<\/td><td class=\"column-3\">1ms \/ data point<\/td><td class=\"column-4\">1ms \/ data point<\/td>\n<\/tr>\n<tr class=\"row-7\">\n\t<td class=\"column-1\">Punto de medici\u00f3n <\/td><td class=\"column-2\">51 to 3201<\/td><td class=\"column-3\">51 to 3201<\/td><td class=\"column-4\">51 to 3201<\/td>\n<\/tr>\n<tr class=\"row-8\">\n\t<td class=\"column-1\">Ancho de banda de medici\u00f3n<\/td><td class=\"column-2\">100Hz to 30kHz<\/td><td class=\"column-3\">100Hz to 30kHz<\/td><td class=\"column-4\">100Hz to 30kHz<\/td>\n<\/tr>\n<tr class=\"row-9\">\n\t<td class=\"column-1\">Resoluci\u00f3n<\/td><td class=\"column-2\">0.01dB<\/td><td class=\"column-3\">0.01dB<\/td><td class=\"column-4\">0.01dB<\/td>\n<\/tr>\n<tr class=\"row-10\">\n\t<td class=\"column-1\">Rango de distancia al fallo<\/td><td class=\"column-2\">0 to 5000ft (0 to 1500m)<\/td><td class=\"column-3\">0 to 5000ft (0 to 1500m)<\/td><td class=\"column-4\">0 to 5000ft (0 to 1500m)<\/td>\n<\/tr>\n<tr class=\"row-11\">\n\t<td class=\"column-1\">Directividad corregida<\/td><td class=\"column-2\">>38dB from 1MHz to 8GHz<br \/>\n>34 from 8GHz to 9GHz<\/td><td class=\"column-3\">>38dB from 1MHz to 8GHz<br \/>\n>34 from 8GHz to 9GHz<\/td><td class=\"column-4\">>38dB from 1MHz to 8GHz<br \/>\n>34 from 8GHz to 9GHz<\/td>\n<\/tr>\n<tr class=\"row-12\">\n\t<td class=\"column-1\">Precisi\u00f3n de frecuencia<\/td><td class=\"column-2\">\u00b12.5 ppm @25\u00b0C<\/td><td class=\"column-3\">\u00b12.5 ppm @25\u00b0C<\/td><td class=\"column-4\">\u00b12.5 ppm @25\u00b0C<\/td>\n<\/tr>\n<tr class=\"row-13\">\n\t<td class=\"column-1\">Precisi\u00f3n de amplitud de reflexi\u00f3n<\/td><td class=\"column-2\">-10dB to 0dB:\u00b10.6dB<br \/>\n-20dB to -10dB:\u00b10.8dB<br \/>\n-35dB to -20dB:\u00b13.0dB<\/td><td class=\"column-3\">-10dB to 0dB:\u00b10.6dB<br \/>\n-20dB to -10dB:\u00b10.8dB<br \/>\n-35dB to -20dB:\u00b13.0dB<\/td><td class=\"column-4\">-10dB to 0dB:\u00b10.6dB<br \/>\n-25dB to -10dB:\u00b11.5dB<br \/>\n-35dB to -20dB:\u00b14.0dB<\/td>\n<\/tr>\n<tr class=\"row-14\">\n\t<td class=\"column-1\">Puerto de radiofrecuencia<\/td><td class=\"column-2\">N -Female 50 \u03a9<\/td><td class=\"column-3\">N -Female 50 \u03a9<\/td><td class=\"column-4\">N -Female 50 \u03a9<\/td>\n<\/tr>\n<tr class=\"row-15\">\n\t<td class=\"column-1\">Pantalla<\/td><td class=\"column-2\">5.5 in ,1280*720p<\/td><td class=\"column-3\">5.5 in ,1280*720p<\/td><td class=\"column-4\">5.5 in ,1280*720p<\/td>\n<\/tr>\n<tr class=\"row-16\">\n\t<td class=\"column-1\">Tiempo de funcionamiento de la bater\u00eda<\/td><td class=\"column-2\">8 hours<\/td><td class=\"column-3\">8 hours<\/td><td class=\"column-4\">8 hours<\/td>\n<\/tr>\n<tr class=\"row-17\">\n\t<td class=\"column-1\">Tiempo de carga de la bater\u00eda<\/td><td class=\"column-2\">5 hours<\/td><td class=\"column-3\">5 hours<\/td><td class=\"column-4\">5 hours<\/td>\n<\/tr>\n<tr class=\"row-18\">\n\t<td class=\"column-1\">Pantalla<\/td><td class=\"column-2\">5.5 in ,1280*720p<\/td><td class=\"column-3\">5.5 in ,1280*720p<\/td><td class=\"column-4\">5.5 in ,1280*720p<\/td>\n<\/tr>\n<tr class=\"row-19\">\n\t<td class=\"column-1\">Dimensiones<\/td><td class=\"column-2\">197\u00d793\u00d761 mm<\/td><td class=\"column-3\">197\u00d793\u00d761 mm<\/td><td class=\"column-4\">197\u00d793\u00d761 mm<\/td>\n<\/tr>\n<tr class=\"row-20\">\n\t<td class=\"column-1\">Peso<\/td><td class=\"column-2\">0.9kg<\/td><td class=\"column-3\">0.9kg<\/td><td class=\"column-4\">0.9kg<\/td>\n<\/tr>\n<\/tbody>\n<\/table>\n<!-- #tablepress-4 from cache -->\n<p>&nbsp;<\/p>\n<h2><span style=\"font-weight: 400;\">\u2753Secci\u00f3n de Preguntas Frecuentes<\/span><\/h2>\n<ol>\n<li style=\"font-weight: 400;\" aria-level=\"1\">\n<h3><span style=\"font-weight: 400; font-size: 20px;\">\u00bfQu\u00e9 rango de frecuencias cubre este analizador?<\/span><\/h3>\n<p><span style=\"font-weight: 400;\">Var\u00eda seg\u00fan el modelo, t\u00edpicamente desde ~1MHz hasta 9,000MHz. Consulte la tabla de especificaciones.<\/span><\/li>\n<li style=\"font-weight: 400;\" aria-level=\"1\">\n<h3><span style=\"font-weight: 400; font-size: 20px;\">\u00bfQu\u00e9 mediciones puede realizar?<\/span><span style=\"font-weight: 400;\"><br \/>\n<\/span><\/h3>\n<p><span style=\"font-weight: 400;\">P\u00e9rdida de retorno, VSWR (Relaci\u00f3n de onda estacionaria de voltaje), p\u00e9rdida de cable, DTF (Distancia al fallo), fase, diagrama de Smith, y \u2014 para modelos de 2 puertos \u2014 ganancia por inserci\u00f3n y ganancia del amplificador montado en torre<\/span><\/li>\n<li style=\"font-weight: 400;\" aria-level=\"1\">\n<h3><span style=\"font-weight: 400; font-size: 20px;\">\u00bfCon qu\u00e9 frecuencia debo calibrar?<\/span><span style=\"font-weight: 400;\"><br \/>\n<\/span><\/h3>\n<p><span style=\"font-weight: 400;\">Antes de cada sesi\u00f3n de medici\u00f3n, si cambia el rango de frecuencia, las condiciones de temperatura, las conexiones de los puertos o utiliza el m\u00e9todo que no sea FlexCal<\/span><\/li>\n<li style=\"font-weight: 400;\" aria-level=\"1\">\n<h3><span style=\"font-weight: 400; font-size: 20px;\">\u00bfQu\u00e9 tipo de conector utiliza?<\/span><span style=\"font-weight: 400;\"><br \/>\n<\/span><\/h3>\n<p><span style=\"font-weight: 400;\">Com\u00fanmente de tipo N de 50\u202f\u03a9. Se puede adaptar con kits de calibraci\u00f3n si se utilizan otros tipos de conectores.<\/span><\/li>\n<li style=\"font-weight: 400;\" aria-level=\"1\">\n<h3><span style=\"font-weight: 400; font-size: 20px;\">\u00bfQu\u00e9 tan precisa es la modalidad de Distancia al Falla (DTF)?<\/span><span style=\"font-weight: 400;\"><br \/>\n<\/span><\/h3>\n<p><span style=\"font-weight: 400;\">Depende de la resoluci\u00f3n y del factor de velocidad del cable. Normalmente: #puntos \u00d7 (velocidad \u00d7 Vp) \/ ancho de banda \u2014 se obtiene una localizaci\u00f3n precisa de fallas.<\/span><\/li>\n<li style=\"font-weight: 400;\" aria-level=\"1\">\n<h3><span style=\"font-weight: 400; font-size: 20px;\">\u00bfPuede exportar o guardar datos?<\/span><span style=\"font-weight: 400;\"><br \/>\n<\/span><\/h3>\n<p><span style=\"font-weight: 400;\">S\u00ed \u2013 almacena rastros internamente; la transferencia se realiza mediante USB, Bluetooth, software para PC o aplicaci\u00f3n m\u00f3vil, seg\u00fan el modelo.<\/span><\/li>\n<li style=\"font-weight: 400;\" aria-level=\"1\">\n<h3><span style=\"font-weight: 400; font-size: 20px;\">\u00bfEs lo suficientemente resistente para uso en campo?<\/span><span style=\"font-weight: 400;\"><br \/>\n<\/span><\/h3>\n<p><span style=\"font-weight: 400;\">S\u00ed \u2013 port\u00e1til, con carcasas a prueba de salpicaduras, a menudo con clasificaci\u00f3n MIL para resistencia en campo.<\/span><\/li>\n<li style=\"font-weight: 400;\" aria-level=\"1\">\n<h3><span style=\"font-weight: 400; font-size: 20px;\">\u00bfCu\u00e1l es la duraci\u00f3n de la bater\u00eda?<\/span><span style=\"font-weight: 400;\"><br \/>\n<\/span><\/h3>\n<p><span style=\"font-weight: 400;\">Normalmente de 5 a 8 horas (consulte la hoja de especificaciones). Las opciones de bater\u00eda recargable de ion de litio o AA var\u00edan seg\u00fan el modelo.<\/span><\/li>\n<li aria-level=\"1\">\n<h3><span style=\"font-weight: 400; font-size: 20px;\">\u00bfQu\u00e9 accesorios est\u00e1n incluidos?<\/span><span style=\"font-weight: 400;\"><br \/>\n<\/span><\/h3>\n<p><span style=\"font-weight: 400;\">Generalmente incluye un kit de calibraci\u00f3n (abierto\/corto\/carga), adaptadores RF, cables y un estuche de transporte. Hay accesorios adicionales disponibles.<\/span><\/li>\n<\/ol>","protected":false},"excerpt":{"rendered":"<p>La familia de analizadores port\u00e1tiles SiteHawk\u2122 proporciona una cobertura cr\u00edtica con un amplio rango de frecuencia desde 1 MHz hasta 9 GHz. Las discontinuidades pueden representar un verdadero problema y causar reflejos significativos debido a cables da\u00f1ados, conectores sueltos o mal instalados, y factores ambientales. Con el modo DTF (Distancia a la Falla) de Bird, SiteHawk\u2122 encuentra la ubicaci\u00f3n exacta del problema \u201c\u00a1en unidades reales de distancia\u201d! Elimine el tiempo perdido cambiando componentes hasta encontrar la causa. Ahorre tiempo cr\u00edtico, componentes y dinero al identificar correctamente los problemas desde el principio para dirigir eficientemente los recursos vitales hacia la implementaci\u00f3n de soluciones.<\/p>","protected":false},"featured_media":1080,"comment_status":"open","ping_status":"closed","template":"","meta":[],"product_brand":[],"product_cat":[58],"product_tag":[51,52,49,68,67,69,50],"class_list":{"0":"post-1089","1":"product","2":"type-product","3":"status-publish","4":"has-post-thumbnail","6":"product_cat-handheld-cable-antenna-analyzer","7":"product_tag-india","8":"product_tag-indonesia","9":"product_tag-malaysia","10":"product_tag-pakistan","11":"product_tag-singapore","12":"product_tag-uae","13":"product_tag-vietnam","15":"first","16":"instock","17":"shipping-taxable","18":"purchasable","19":"product-type-variable"},"yoast_head":"<!-- This site is optimized with the Yoast SEO plugin v27.0 - https:\/\/yoast.com\/product\/yoast-seo-wordpress\/ -->\n<title>Handheld Cable &amp; Antenna Analyzer | RF Cable Analyzer for Field Use<\/title>\n<meta name=\"description\" content=\"Test and troubleshoot RF cables and antennas fast. Portable handheld cable and antenna analyzer for accurate diagnostics and distance-to-fault detection.\" \/>\n<meta name=\"robots\" content=\"index, follow, max-snippet:-1, max-image-preview:large, max-video-preview:-1\" \/>\n<link rel=\"canonical\" href=\"https:\/\/sankorf.com\/es\/product\/analizador-de-cables-y-antenas-portatil\/\" \/>\n<meta property=\"og:locale\" content=\"es_ES\" \/>\n<meta property=\"og:type\" content=\"article\" \/>\n<meta property=\"og:title\" content=\"Handheld Cable &amp; Antenna Analyzer | RF Cable Analyzer for Field Use\" \/>\n<meta property=\"og:description\" content=\"Test and troubleshoot RF cables and antennas fast. Portable handheld cable and antenna analyzer for accurate diagnostics and distance-to-fault detection.\" \/>\n<meta property=\"og:url\" content=\"https:\/\/sankorf.com\/es\/product\/analizador-de-cables-y-antenas-portatil\/\" \/>\n<meta property=\"og:site_name\" content=\"sankorf.com\" \/>\n<meta property=\"article:publisher\" content=\"https:\/\/www.facebook.com\/SankoRF\/\" \/>\n<meta property=\"article:modified_time\" content=\"2026-01-27T03:50:09+00:00\" \/>\n<meta property=\"og:image\" content=\"http:\/\/sankorf.com\/wp-content\/uploads\/2022\/05\/SK-series.png\" \/>\n\t<meta property=\"og:image:width\" content=\"627\" \/>\n\t<meta property=\"og:image:height\" content=\"480\" \/>\n\t<meta property=\"og:image:type\" content=\"image\/png\" \/>\n<meta name=\"twitter:card\" content=\"summary_large_image\" \/>\n<meta name=\"twitter:label1\" content=\"Tiempo de lectura\" \/>\n\t<meta name=\"twitter:data1\" content=\"2 minutos\" \/>\n<script type=\"application\/ld+json\" class=\"yoast-schema-graph\">{\"@context\":\"https:\/\/schema.org\",\"@graph\":[{\"@type\":\"WebPage\",\"@id\":\"https:\/\/sankorf.com\/product\/handheld-cable-and-antenna-analyzer\/\",\"url\":\"https:\/\/sankorf.com\/product\/handheld-cable-and-antenna-analyzer\/\",\"name\":\"Handheld Cable & Antenna Analyzer | RF Cable Analyzer for Field Use\",\"isPartOf\":{\"@id\":\"https:\/\/sankorf.com\/#website\"},\"primaryImageOfPage\":{\"@id\":\"https:\/\/sankorf.com\/product\/handheld-cable-and-antenna-analyzer\/#primaryimage\"},\"image\":{\"@id\":\"https:\/\/sankorf.com\/product\/handheld-cable-and-antenna-analyzer\/#primaryimage\"},\"thumbnailUrl\":\"https:\/\/sankorf.com\/wp-content\/uploads\/2022\/05\/SK-series.png\",\"datePublished\":\"2025-05-08T07:48:44+00:00\",\"dateModified\":\"2026-01-27T03:50:09+00:00\",\"description\":\"Test and troubleshoot RF cables and antennas fast. Portable handheld cable and antenna analyzer for accurate diagnostics and distance-to-fault detection.\",\"breadcrumb\":{\"@id\":\"https:\/\/sankorf.com\/product\/handheld-cable-and-antenna-analyzer\/#breadcrumb\"},\"inLanguage\":\"es\",\"potentialAction\":[{\"@type\":\"ReadAction\",\"target\":[\"https:\/\/sankorf.com\/product\/handheld-cable-and-antenna-analyzer\/\"]}]},{\"@type\":\"ImageObject\",\"inLanguage\":\"es\",\"@id\":\"https:\/\/sankorf.com\/product\/handheld-cable-and-antenna-analyzer\/#primaryimage\",\"url\":\"https:\/\/sankorf.com\/wp-content\/uploads\/2022\/05\/SK-series.png\",\"contentUrl\":\"https:\/\/sankorf.com\/wp-content\/uploads\/2022\/05\/SK-series.png\",\"width\":627,\"height\":480},{\"@type\":\"BreadcrumbList\",\"@id\":\"https:\/\/sankorf.com\/product\/handheld-cable-and-antenna-analyzer\/#breadcrumb\",\"itemListElement\":[{\"@type\":\"ListItem\",\"position\":1,\"name\":\"Home\",\"item\":\"https:\/\/sankorf.com\/\"},{\"@type\":\"ListItem\",\"position\":2,\"name\":\"Products\",\"item\":\"https:\/\/sankorf.com\/products\/\"},{\"@type\":\"ListItem\",\"position\":3,\"name\":\"Handheld Cable &#038; Antenna Analyzer\"}]},{\"@type\":\"WebSite\",\"@id\":\"https:\/\/sankorf.com\/#website\",\"url\":\"https:\/\/sankorf.com\/\",\"name\":\"Sanko Technologies Sdn Bhd\",\"description\":\"\",\"publisher\":{\"@id\":\"https:\/\/sankorf.com\/#organization\"},\"potentialAction\":[{\"@type\":\"SearchAction\",\"target\":{\"@type\":\"EntryPoint\",\"urlTemplate\":\"https:\/\/sankorf.com\/?s={search_term_string}\"},\"query-input\":{\"@type\":\"PropertyValueSpecification\",\"valueRequired\":true,\"valueName\":\"search_term_string\"}}],\"inLanguage\":\"es\"},{\"@type\":\"Organization\",\"@id\":\"https:\/\/sankorf.com\/#organization\",\"name\":\"Sanko Technologies Sdn Bhd\",\"url\":\"https:\/\/sankorf.com\/\",\"logo\":{\"@type\":\"ImageObject\",\"inLanguage\":\"es\",\"@id\":\"https:\/\/sankorf.com\/#\/schema\/logo\/image\/\",\"url\":\"https:\/\/sankorf.com\/wp-content\/uploads\/2025\/05\/logo-horizontal.png\",\"contentUrl\":\"https:\/\/sankorf.com\/wp-content\/uploads\/2025\/05\/logo-horizontal.png\",\"width\":700,\"height\":52,\"caption\":\"Sanko Technologies Sdn Bhd\"},\"image\":{\"@id\":\"https:\/\/sankorf.com\/#\/schema\/logo\/image\/\"},\"sameAs\":[\"https:\/\/www.facebook.com\/SankoRF\/\"]}]}<\/script>\n<!-- \/ Yoast SEO plugin. -->","yoast_head_json":{"title":"Handheld Cable & Antenna Analyzer | RF Cable Analyzer for Field Use","description":"Test and troubleshoot RF cables and antennas fast. Portable handheld cable and antenna analyzer for accurate diagnostics and distance-to-fault detection.","robots":{"index":"index","follow":"follow","max-snippet":"max-snippet:-1","max-image-preview":"max-image-preview:large","max-video-preview":"max-video-preview:-1"},"canonical":"https:\/\/sankorf.com\/es\/product\/analizador-de-cables-y-antenas-portatil\/","og_locale":"es_ES","og_type":"article","og_title":"Handheld Cable & Antenna Analyzer | RF Cable Analyzer for Field Use","og_description":"Test and troubleshoot RF cables and antennas fast. Portable handheld cable and antenna analyzer for accurate diagnostics and distance-to-fault detection.","og_url":"https:\/\/sankorf.com\/es\/product\/analizador-de-cables-y-antenas-portatil\/","og_site_name":"sankorf.com","article_publisher":"https:\/\/www.facebook.com\/SankoRF\/","article_modified_time":"2026-01-27T03:50:09+00:00","og_image":[{"width":627,"height":480,"url":"http:\/\/sankorf.com\/wp-content\/uploads\/2022\/05\/SK-series.png","type":"image\/png"}],"twitter_card":"summary_large_image","twitter_misc":{"Tiempo de lectura":"2 minutos"},"schema":{"@context":"https:\/\/schema.org","@graph":[{"@type":"WebPage","@id":"https:\/\/sankorf.com\/product\/handheld-cable-and-antenna-analyzer\/","url":"https:\/\/sankorf.com\/product\/handheld-cable-and-antenna-analyzer\/","name":"Handheld Cable & Antenna Analyzer | RF Cable Analyzer for Field Use","isPartOf":{"@id":"https:\/\/sankorf.com\/#website"},"primaryImageOfPage":{"@id":"https:\/\/sankorf.com\/product\/handheld-cable-and-antenna-analyzer\/#primaryimage"},"image":{"@id":"https:\/\/sankorf.com\/product\/handheld-cable-and-antenna-analyzer\/#primaryimage"},"thumbnailUrl":"https:\/\/sankorf.com\/wp-content\/uploads\/2022\/05\/SK-series.png","datePublished":"2025-05-08T07:48:44+00:00","dateModified":"2026-01-27T03:50:09+00:00","description":"Test and troubleshoot RF cables and antennas fast. Portable handheld cable and antenna analyzer for accurate diagnostics and distance-to-fault detection.","breadcrumb":{"@id":"https:\/\/sankorf.com\/product\/handheld-cable-and-antenna-analyzer\/#breadcrumb"},"inLanguage":"es","potentialAction":[{"@type":"ReadAction","target":["https:\/\/sankorf.com\/product\/handheld-cable-and-antenna-analyzer\/"]}]},{"@type":"ImageObject","inLanguage":"es","@id":"https:\/\/sankorf.com\/product\/handheld-cable-and-antenna-analyzer\/#primaryimage","url":"https:\/\/sankorf.com\/wp-content\/uploads\/2022\/05\/SK-series.png","contentUrl":"https:\/\/sankorf.com\/wp-content\/uploads\/2022\/05\/SK-series.png","width":627,"height":480},{"@type":"BreadcrumbList","@id":"https:\/\/sankorf.com\/product\/handheld-cable-and-antenna-analyzer\/#breadcrumb","itemListElement":[{"@type":"ListItem","position":1,"name":"Home","item":"https:\/\/sankorf.com\/"},{"@type":"ListItem","position":2,"name":"Products","item":"https:\/\/sankorf.com\/products\/"},{"@type":"ListItem","position":3,"name":"Handheld Cable &#038; Antenna Analyzer"}]},{"@type":"WebSite","@id":"https:\/\/sankorf.com\/#website","url":"https:\/\/sankorf.com\/","name":"Sanko Technologies Sdn Bhd","description":"","publisher":{"@id":"https:\/\/sankorf.com\/#organization"},"potentialAction":[{"@type":"SearchAction","target":{"@type":"EntryPoint","urlTemplate":"https:\/\/sankorf.com\/?s={search_term_string}"},"query-input":{"@type":"PropertyValueSpecification","valueRequired":true,"valueName":"search_term_string"}}],"inLanguage":"es"},{"@type":"Organization","@id":"https:\/\/sankorf.com\/#organization","name":"Sanko Technologies Sdn Bhd","url":"https:\/\/sankorf.com\/","logo":{"@type":"ImageObject","inLanguage":"es","@id":"https:\/\/sankorf.com\/#\/schema\/logo\/image\/","url":"https:\/\/sankorf.com\/wp-content\/uploads\/2025\/05\/logo-horizontal.png","contentUrl":"https:\/\/sankorf.com\/wp-content\/uploads\/2025\/05\/logo-horizontal.png","width":700,"height":52,"caption":"Sanko Technologies Sdn Bhd"},"image":{"@id":"https:\/\/sankorf.com\/#\/schema\/logo\/image\/"},"sameAs":["https:\/\/www.facebook.com\/SankoRF\/"]}]}},"_links":{"self":[{"href":"https:\/\/sankorf.com\/es\/wp-json\/wp\/v2\/product\/1089","targetHints":{"allow":["GET"]}}],"collection":[{"href":"https:\/\/sankorf.com\/es\/wp-json\/wp\/v2\/product"}],"about":[{"href":"https:\/\/sankorf.com\/es\/wp-json\/wp\/v2\/types\/product"}],"replies":[{"embeddable":true,"href":"https:\/\/sankorf.com\/es\/wp-json\/wp\/v2\/comments?post=1089"}],"wp:featuredmedia":[{"embeddable":true,"href":"https:\/\/sankorf.com\/es\/wp-json\/wp\/v2\/media\/1080"}],"wp:attachment":[{"href":"https:\/\/sankorf.com\/es\/wp-json\/wp\/v2\/media?parent=1089"}],"wp:term":[{"taxonomy":"product_brand","embeddable":true,"href":"https:\/\/sankorf.com\/es\/wp-json\/wp\/v2\/product_brand?post=1089"},{"taxonomy":"product_cat","embeddable":true,"href":"https:\/\/sankorf.com\/es\/wp-json\/wp\/v2\/product_cat?post=1089"},{"taxonomy":"product_tag","embeddable":true,"href":"https:\/\/sankorf.com\/es\/wp-json\/wp\/v2\/product_tag?post=1089"}],"curies":[{"name":"wp","href":"https:\/\/api.w.org\/{rel}","templated":true}]}}