{"id":1090,"date":"2025-05-08T07:49:21","date_gmt":"2025-05-08T07:49:21","guid":{"rendered":"https:\/\/sankorf.com\/?post_type=product&#038;p=1090"},"modified":"2025-07-24T01:11:19","modified_gmt":"2025-07-24T01:11:19","slug":"birdrf-legacy-product","status":"publish","type":"product","link":"https:\/\/sankorf.com\/es\/product\/birdrf-legacy-product\/","title":{"rendered":"Medidor de potencia, sensor, carga, etc."},"content":{"rendered":"<p><strong>Categor\u00edas<\/strong><\/p>\n\t\t<div data-elementor-type=\"wp-post\" data-elementor-id=\"1999\" class=\"elementor elementor-1999\" data-elementor-settings=\"{&quot;ha_cmc_init_switcher&quot;:&quot;no&quot;}\">\n\t\t\t\t<div class=\"elementor-element elementor-element-d083f5a e-flex e-con-boxed e-con e-parent\" data-id=\"d083f5a\" data-element_type=\"container\" data-settings=\"{&quot;_ha_eqh_enable&quot;:false}\">\n\t\t\t\t\t<div class=\"e-con-inner\">\n\t\t<div class=\"elementor-element elementor-element-b98d4ce e-con-full e-grid e-con e-child\" data-id=\"b98d4ce\" data-element_type=\"container\" data-settings=\"{&quot;_ha_eqh_enable&quot;:false}\">\n\t\t<div class=\"elementor-element elementor-element-ddf70af e-con-full e-flex e-con e-child\" data-id=\"ddf70af\" data-element_type=\"container\" data-settings=\"{&quot;_ha_eqh_enable&quot;:false}\">\n\t\t\t\t<div class=\"elementor-element elementor-element-28fb5a9 elementor-widget elementor-widget-text-editor\" data-id=\"28fb5a9\" data-element_type=\"widget\" data-widget_type=\"text-editor.default\">\n\t\t\t\t<div class=\"elementor-widget-container\">\n\t\t\t\t\t\t\t\t\tVat\u00edmetros de RF y elementos\t\t\t\t\t\t\t\t<\/div>\n\t\t\t\t<\/div>\n\t\t\t\t<div class=\"elementor-element elementor-element-6e74680 elementor-align-right elementor-mobile-align-right elementor-widget elementor-widget-button\" data-id=\"6e74680\" data-element_type=\"widget\" data-widget_type=\"button.default\">\n\t\t\t\t<div class=\"elementor-widget-container\">\n\t\t\t\t\t\t\t\t\t<div class=\"elementor-button-wrapper\">\n\t\t\t\t\t<a class=\"elementor-button elementor-button-link elementor-size-sm\" href=\"https:\/\/birdrf.com\/Products\/Test%20and%20Measurement\/RF-Power-Meters.aspx\" target=\"_blank\" rel=\"noopener noreferrer nofollow\">\n\t\t\t\t\t\t<span class=\"elementor-button-content-wrapper\">\n\t\t\t\t\t\t\t\t\t<span class=\"elementor-button-text\">M\u00e1s informaci\u00f3n<\/span>\n\t\t\t\t\t<\/span>\n\t\t\t\t\t<\/a>\n\t\t\t\t<\/div>\n\t\t\t\t\t\t\t\t<\/div>\n\t\t\t\t<\/div>\n\t\t\t\t<\/div>\n\t\t<div class=\"elementor-element elementor-element-39c53ab e-con-full e-flex e-con e-child\" data-id=\"39c53ab\" data-element_type=\"container\" data-settings=\"{&quot;_ha_eqh_enable&quot;:false}\">\n\t\t\t\t<div class=\"elementor-element elementor-element-025ecf5 elementor-widget elementor-widget-text-editor\" data-id=\"025ecf5\" data-element_type=\"widget\" data-widget_type=\"text-editor.default\">\n\t\t\t\t<div class=\"elementor-widget-container\">\n\t\t\t\t\t\t\t\t\t<p>Monitores de potencia RF<\/p>\t\t\t\t\t\t\t\t<\/div>\n\t\t\t\t<\/div>\n\t\t\t\t<div class=\"elementor-element elementor-element-1c6c0a8 elementor-align-right elementor-mobile-align-right elementor-widget elementor-widget-button\" data-id=\"1c6c0a8\" data-element_type=\"widget\" data-widget_type=\"button.default\">\n\t\t\t\t<div class=\"elementor-widget-container\">\n\t\t\t\t\t\t\t\t\t<div class=\"elementor-button-wrapper\">\n\t\t\t\t\t<a class=\"elementor-button elementor-button-link elementor-size-sm\" href=\"https:\/\/birdrf.com\/Products\/Test%20and%20Measurement\/RF-Power-Monitors\/Channel%20Power%20Monitor.aspx\" target=\"_blank\" rel=\"noopener noreferrer nofollow\">\n\t\t\t\t\t\t<span class=\"elementor-button-content-wrapper\">\n\t\t\t\t\t\t\t\t\t<span class=\"elementor-button-text\">M\u00e1s informaci\u00f3n<\/span>\n\t\t\t\t\t<\/span>\n\t\t\t\t\t<\/a>\n\t\t\t\t<\/div>\n\t\t\t\t\t\t\t\t<\/div>\n\t\t\t\t<\/div>\n\t\t\t\t<\/div>\n\t\t<div class=\"elementor-element elementor-element-806b999 e-con-full e-flex e-con e-child\" data-id=\"806b999\" data-element_type=\"container\" data-settings=\"{&quot;_ha_eqh_enable&quot;:false}\">\n\t\t\t\t<div class=\"elementor-element elementor-element-6782356 elementor-widget elementor-widget-text-editor\" data-id=\"6782356\" data-element_type=\"widget\" data-widget_type=\"text-editor.default\">\n\t\t\t\t<div class=\"elementor-widget-container\">\n\t\t\t\t\t\t\t\t\tAtenuadores\t\t\t\t\t\t\t\t<\/div>\n\t\t\t\t<\/div>\n\t\t\t\t<div class=\"elementor-element elementor-element-88812ed elementor-align-right elementor-mobile-align-right elementor-widget elementor-widget-button\" data-id=\"88812ed\" data-element_type=\"widget\" data-widget_type=\"button.default\">\n\t\t\t\t<div class=\"elementor-widget-container\">\n\t\t\t\t\t\t\t\t\t<div class=\"elementor-button-wrapper\">\n\t\t\t\t\t<a class=\"elementor-button elementor-button-link elementor-size-sm\" href=\"https:\/\/birdrf.com\/Products\/Test%20and%20Measurement\/Attenuators.aspx\" target=\"_blank\" rel=\"noopener noreferrer nofollow\">\n\t\t\t\t\t\t<span class=\"elementor-button-content-wrapper\">\n\t\t\t\t\t\t\t\t\t<span class=\"elementor-button-text\">M\u00e1s informaci\u00f3n<\/span>\n\t\t\t\t\t<\/span>\n\t\t\t\t\t<\/a>\n\t\t\t\t<\/div>\n\t\t\t\t\t\t\t\t<\/div>\n\t\t\t\t<\/div>\n\t\t\t\t<\/div>\n\t\t<div class=\"elementor-element elementor-element-92a0356 e-con-full e-flex e-con e-child\" data-id=\"92a0356\" data-element_type=\"container\" data-settings=\"{&quot;_ha_eqh_enable&quot;:false}\">\n\t\t\t\t<div class=\"elementor-element elementor-element-4566eaf elementor-widget elementor-widget-text-editor\" data-id=\"4566eaf\" data-element_type=\"widget\" data-widget_type=\"text-editor.default\">\n\t\t\t\t<div class=\"elementor-widget-container\">\n\t\t\t\t\t\t\t\t\tLoads\t\t\t\t\t\t\t\t<\/div>\n\t\t\t\t<\/div>\n\t\t\t\t<div class=\"elementor-element elementor-element-e9c1ba7 elementor-align-right elementor-mobile-align-right elementor-widget elementor-widget-button\" data-id=\"e9c1ba7\" data-element_type=\"widget\" data-widget_type=\"button.default\">\n\t\t\t\t<div class=\"elementor-widget-container\">\n\t\t\t\t\t\t\t\t\t<div class=\"elementor-button-wrapper\">\n\t\t\t\t\t<a class=\"elementor-button elementor-button-link elementor-size-sm\" href=\"https:\/\/birdrf.com\/Products\/Test%20and%20Measurement\/Loads.aspx\" target=\"_blank\" rel=\"noopener noreferrer nofollow\">\n\t\t\t\t\t\t<span class=\"elementor-button-content-wrapper\">\n\t\t\t\t\t\t\t\t\t<span class=\"elementor-button-text\">M\u00e1s informaci\u00f3n<\/span>\n\t\t\t\t\t<\/span>\n\t\t\t\t\t<\/a>\n\t\t\t\t<\/div>\n\t\t\t\t\t\t\t\t<\/div>\n\t\t\t\t<\/div>\n\t\t\t\t<\/div>\n\t\t<div class=\"elementor-element elementor-element-02a6f1c e-con-full e-flex e-con e-child\" data-id=\"02a6f1c\" data-element_type=\"container\" data-settings=\"{&quot;_ha_eqh_enable&quot;:false}\">\n\t\t\t\t<div class=\"elementor-element elementor-element-eaf905c elementor-widget elementor-widget-text-editor\" data-id=\"eaf905c\" data-element_type=\"widget\" data-widget_type=\"text-editor.default\">\n\t\t\t\t<div class=\"elementor-widget-container\">\n\t\t\t\t\t\t\t\t\tAccesorios\t\t\t\t\t\t\t\t<\/div>\n\t\t\t\t<\/div>\n\t\t\t\t<div class=\"elementor-element elementor-element-d8ffae6 elementor-align-right elementor-mobile-align-right elementor-widget elementor-widget-button\" data-id=\"d8ffae6\" data-element_type=\"widget\" data-widget_type=\"button.default\">\n\t\t\t\t<div class=\"elementor-widget-container\">\n\t\t\t\t\t\t\t\t\t<div class=\"elementor-button-wrapper\">\n\t\t\t\t\t<a class=\"elementor-button elementor-button-link elementor-size-sm\" href=\"https:\/\/birdrf.com\/Products\/Test%20and%20Measurement\/Accessories.aspx\" target=\"_blank\" rel=\"noopener noreferrer nofollow\">\n\t\t\t\t\t\t<span class=\"elementor-button-content-wrapper\">\n\t\t\t\t\t\t\t\t\t<span class=\"elementor-button-text\">M\u00e1s informaci\u00f3n<\/span>\n\t\t\t\t\t<\/span>\n\t\t\t\t\t<\/a>\n\t\t\t\t<\/div>\n\t\t\t\t\t\t\t\t<\/div>\n\t\t\t\t<\/div>\n\t\t\t\t<\/div>\n\t\t<div class=\"elementor-element elementor-element-7a2f4d3 e-con-full e-flex e-con e-child\" data-id=\"7a2f4d3\" data-element_type=\"container\" data-settings=\"{&quot;_ha_eqh_enable&quot;:false}\">\n\t\t\t\t<div class=\"elementor-element elementor-element-8863b19 elementor-widget elementor-widget-text-editor\" data-id=\"8863b19\" data-element_type=\"widget\" data-widget_type=\"text-editor.default\">\n\t\t\t\t<div class=\"elementor-widget-container\">\n\t\t\t\t\t\t\t\t\tSensores de potencia RF\t\t\t\t\t\t\t\t<\/div>\n\t\t\t\t<\/div>\n\t\t\t\t<div class=\"elementor-element elementor-element-d149d44 elementor-align-right elementor-mobile-align-right elementor-widget elementor-widget-button\" data-id=\"d149d44\" data-element_type=\"widget\" data-widget_type=\"button.default\">\n\t\t\t\t<div class=\"elementor-widget-container\">\n\t\t\t\t\t\t\t\t\t<div class=\"elementor-button-wrapper\">\n\t\t\t\t\t<a class=\"elementor-button elementor-button-link elementor-size-sm\" href=\"https:\/\/birdrf.com\/Products\/Sensors\/RF-Power-Sensors.aspx\" target=\"_blank\" rel=\"noopener noreferrer nofollow\">\n\t\t\t\t\t\t<span class=\"elementor-button-content-wrapper\">\n\t\t\t\t\t\t\t\t\t<span class=\"elementor-button-text\">M\u00e1s informaci\u00f3n<\/span>\n\t\t\t\t\t<\/span>\n\t\t\t\t\t<\/a>\n\t\t\t\t<\/div>\n\t\t\t\t\t\t\t\t<\/div>\n\t\t\t\t<\/div>\n\t\t\t\t<\/div>\n\t\t<div class=\"elementor-element elementor-element-1374166 e-con-full e-flex e-con e-child\" data-id=\"1374166\" data-element_type=\"container\" data-settings=\"{&quot;_ha_eqh_enable&quot;:false}\">\n\t\t\t\t<div class=\"elementor-element elementor-element-105793e elementor-widget elementor-widget-text-editor\" data-id=\"105793e\" data-element_type=\"widget\" data-widget_type=\"text-editor.default\">\n\t\t\t\t<div class=\"elementor-widget-container\">\n\t\t\t\t\t\t\t\t\tProductos RF de Precisi\u00f3n\t\t\t\t\t\t\t\t<\/div>\n\t\t\t\t<\/div>\n\t\t\t\t<div class=\"elementor-element elementor-element-8f54551 elementor-align-right elementor-mobile-align-right elementor-widget elementor-widget-button\" data-id=\"8f54551\" data-element_type=\"widget\" data-widget_type=\"button.default\">\n\t\t\t\t<div class=\"elementor-widget-container\">\n\t\t\t\t\t\t\t\t\t<div class=\"elementor-button-wrapper\">\n\t\t\t\t\t<a class=\"elementor-button elementor-button-link elementor-size-sm\" href=\"https:\/\/birdrf.com\/Products\/Sensors\/Precision-RF-Products.aspx\" target=\"_blank\" rel=\"noopener noreferrer nofollow\">\n\t\t\t\t\t\t<span class=\"elementor-button-content-wrapper\">\n\t\t\t\t\t\t\t\t\t<span class=\"elementor-button-text\">M\u00e1s informaci\u00f3n<\/span>\n\t\t\t\t\t<\/span>\n\t\t\t\t\t<\/a>\n\t\t\t\t<\/div>\n\t\t\t\t\t\t\t\t<\/div>\n\t\t\t\t<\/div>\n\t\t\t\t<\/div>\n\t\t\t\t<\/div>\n\t\t\t\t\t<\/div>\n\t\t\t\t<\/div>\n\t\t\t\t<\/div>","protected":false},"excerpt":{"rendered":"<p>Productos de prueba y medici\u00f3n de Bird: priorizamos sus necesidades de medici\u00f3n de RF. Con un compromiso con la fiabilidad, ofrecemos una amplia gama de productos para aplicaciones comerciales, militares y de instrumentaci\u00f3n electr\u00f3nica.<\/p>\n<p>Como especialistas en RF, ofrecemos una amplia gama de productos en m\u00faltiples sectores del mercado. Desde nuestros medidores de vatios confiables utilizados por el ej\u00e9rcito hasta el Bird 43, el medidor est\u00e1ndar de la industria para radioaficionados, contamos con las herramientas que necesita para sobresalir, incluyendo sensores, cargas y m\u00e1s.<\/p>\n<p>Nuestro equipo de pruebas de campo est\u00e1 dise\u00f1ado para ser f\u00e1cil de usar y extremadamente confiable, lo que permite a los ingenieros de todo el mundo mantener los sistemas de comunicaci\u00f3n y detectar fallas r\u00e1pidamente. Con productos calibrados trazables al NIST, puede confiar en la precisi\u00f3n de nuestras mediciones.<\/p>\n<p>Vamos m\u00e1s all\u00e1 de las soluciones est\u00e1ndar, aprovechando nuestra experiencia para desarrollar soluciones RF personalizadas para sus aplicaciones espec\u00edficas. Puede contar con nosotros como su socio para resolver los desaf\u00edos de medici\u00f3n RF.<\/p>","protected":false},"featured_media":1081,"comment_status":"open","ping_status":"closed","template":"","meta":[],"product_brand":[],"product_cat":[56],"product_tag":[49,50],"class_list":{"0":"post-1090","1":"product","2":"type-product","3":"status-publish","4":"has-post-thumbnail","6":"product_cat-birdrf-legacy-product","7":"product_tag-malaysia","8":"product_tag-vietnam","10":"first","11":"instock","12":"shipping-taxable","13":"product-type-simple"},"yoast_head":"<!-- This site is optimized with the Yoast SEO plugin v27.0 - https:\/\/yoast.com\/product\/yoast-seo-wordpress\/ -->\n<title>BirdRF Legacy Products | Reliable RF Power Meters &amp; Sensors<\/title>\n<meta name=\"description\" content=\"Explore BirdRF Legacy Products at Sanko \u2014 precise, durable RF power meters, sensors, and loads for diverse wireless testing needs. Trusted accuracy and performance.\" \/>\n<meta name=\"robots\" content=\"index, follow, max-snippet:-1, max-image-preview:large, max-video-preview:-1\" \/>\n<link rel=\"canonical\" href=\"https:\/\/sankorf.com\/es\/product\/birdrf-legacy-product\/\" \/>\n<meta property=\"og:locale\" content=\"es_ES\" \/>\n<meta property=\"og:type\" content=\"article\" \/>\n<meta property=\"og:title\" content=\"BirdRF Legacy Products | Reliable RF Power Meters &amp; Sensors\" \/>\n<meta property=\"og:description\" content=\"Explore BirdRF Legacy Products at Sanko \u2014 precise, durable RF power meters, sensors, and loads for diverse wireless testing needs. Trusted accuracy and performance.\" \/>\n<meta property=\"og:url\" content=\"https:\/\/sankorf.com\/es\/product\/birdrf-legacy-product\/\" \/>\n<meta property=\"og:site_name\" content=\"sankorf.com\" \/>\n<meta property=\"article:publisher\" content=\"https:\/\/www.facebook.com\/SankoRF\/\" \/>\n<meta property=\"article:modified_time\" content=\"2025-07-24T01:11:19+00:00\" \/>\n<meta property=\"og:image\" content=\"http:\/\/sankorf.com\/wp-content\/uploads\/2022\/05\/birdrf-product.png\" \/>\n\t<meta property=\"og:image:width\" content=\"628\" \/>\n\t<meta property=\"og:image:height\" content=\"480\" \/>\n\t<meta property=\"og:image:type\" content=\"image\/png\" \/>\n<meta name=\"twitter:card\" content=\"summary_large_image\" \/>\n<meta name=\"twitter:label1\" content=\"Tiempo de lectura\" \/>\n\t<meta name=\"twitter:data1\" content=\"1 minuto\" \/>\n<script type=\"application\/ld+json\" class=\"yoast-schema-graph\">{\"@context\":\"https:\/\/schema.org\",\"@graph\":[{\"@type\":\"WebPage\",\"@id\":\"https:\/\/sankorf.com\/product\/birdrf-legacy-product\/\",\"url\":\"https:\/\/sankorf.com\/product\/birdrf-legacy-product\/\",\"name\":\"BirdRF Legacy Products | Reliable RF Power Meters & Sensors\",\"isPartOf\":{\"@id\":\"https:\/\/sankorf.com\/#website\"},\"primaryImageOfPage\":{\"@id\":\"https:\/\/sankorf.com\/product\/birdrf-legacy-product\/#primaryimage\"},\"image\":{\"@id\":\"https:\/\/sankorf.com\/product\/birdrf-legacy-product\/#primaryimage\"},\"thumbnailUrl\":\"https:\/\/sankorf.com\/wp-content\/uploads\/2022\/05\/birdrf-product.png\",\"datePublished\":\"2025-05-08T07:49:21+00:00\",\"dateModified\":\"2025-07-24T01:11:19+00:00\",\"description\":\"Explore BirdRF Legacy Products at Sanko \u2014 precise, durable RF power meters, sensors, and loads for diverse wireless testing needs. Trusted accuracy and performance.\",\"breadcrumb\":{\"@id\":\"https:\/\/sankorf.com\/product\/birdrf-legacy-product\/#breadcrumb\"},\"inLanguage\":\"es\",\"potentialAction\":[{\"@type\":\"ReadAction\",\"target\":[\"https:\/\/sankorf.com\/product\/birdrf-legacy-product\/\"]}]},{\"@type\":\"ImageObject\",\"inLanguage\":\"es\",\"@id\":\"https:\/\/sankorf.com\/product\/birdrf-legacy-product\/#primaryimage\",\"url\":\"https:\/\/sankorf.com\/wp-content\/uploads\/2022\/05\/birdrf-product.png\",\"contentUrl\":\"https:\/\/sankorf.com\/wp-content\/uploads\/2022\/05\/birdrf-product.png\",\"width\":628,\"height\":480},{\"@type\":\"BreadcrumbList\",\"@id\":\"https:\/\/sankorf.com\/product\/birdrf-legacy-product\/#breadcrumb\",\"itemListElement\":[{\"@type\":\"ListItem\",\"position\":1,\"name\":\"Home\",\"item\":\"https:\/\/sankorf.com\/\"},{\"@type\":\"ListItem\",\"position\":2,\"name\":\"Products\",\"item\":\"https:\/\/sankorf.com\/products\/\"},{\"@type\":\"ListItem\",\"position\":3,\"name\":\"Power Meter,Sensor, Load and etc\"}]},{\"@type\":\"WebSite\",\"@id\":\"https:\/\/sankorf.com\/#website\",\"url\":\"https:\/\/sankorf.com\/\",\"name\":\"Sanko Technologies Sdn Bhd\",\"description\":\"\",\"publisher\":{\"@id\":\"https:\/\/sankorf.com\/#organization\"},\"potentialAction\":[{\"@type\":\"SearchAction\",\"target\":{\"@type\":\"EntryPoint\",\"urlTemplate\":\"https:\/\/sankorf.com\/?s={search_term_string}\"},\"query-input\":{\"@type\":\"PropertyValueSpecification\",\"valueRequired\":true,\"valueName\":\"search_term_string\"}}],\"inLanguage\":\"es\"},{\"@type\":\"Organization\",\"@id\":\"https:\/\/sankorf.com\/#organization\",\"name\":\"Sanko Technologies Sdn Bhd\",\"url\":\"https:\/\/sankorf.com\/\",\"logo\":{\"@type\":\"ImageObject\",\"inLanguage\":\"es\",\"@id\":\"https:\/\/sankorf.com\/#\/schema\/logo\/image\/\",\"url\":\"https:\/\/sankorf.com\/wp-content\/uploads\/2025\/05\/logo-horizontal.png\",\"contentUrl\":\"https:\/\/sankorf.com\/wp-content\/uploads\/2025\/05\/logo-horizontal.png\",\"width\":700,\"height\":52,\"caption\":\"Sanko Technologies Sdn Bhd\"},\"image\":{\"@id\":\"https:\/\/sankorf.com\/#\/schema\/logo\/image\/\"},\"sameAs\":[\"https:\/\/www.facebook.com\/SankoRF\/\"]}]}<\/script>\n<!-- \/ Yoast SEO plugin. -->","yoast_head_json":{"title":"BirdRF Legacy Products | Reliable RF Power Meters & Sensors","description":"Explore BirdRF Legacy Products at Sanko \u2014 precise, durable RF power meters, sensors, and loads for diverse wireless testing needs. Trusted accuracy and performance.","robots":{"index":"index","follow":"follow","max-snippet":"max-snippet:-1","max-image-preview":"max-image-preview:large","max-video-preview":"max-video-preview:-1"},"canonical":"https:\/\/sankorf.com\/es\/product\/birdrf-legacy-product\/","og_locale":"es_ES","og_type":"article","og_title":"BirdRF Legacy Products | Reliable RF Power Meters & Sensors","og_description":"Explore BirdRF Legacy Products at Sanko \u2014 precise, durable RF power meters, sensors, and loads for diverse wireless testing needs. Trusted accuracy and performance.","og_url":"https:\/\/sankorf.com\/es\/product\/birdrf-legacy-product\/","og_site_name":"sankorf.com","article_publisher":"https:\/\/www.facebook.com\/SankoRF\/","article_modified_time":"2025-07-24T01:11:19+00:00","og_image":[{"width":628,"height":480,"url":"http:\/\/sankorf.com\/wp-content\/uploads\/2022\/05\/birdrf-product.png","type":"image\/png"}],"twitter_card":"summary_large_image","twitter_misc":{"Tiempo de lectura":"1 minuto"},"schema":{"@context":"https:\/\/schema.org","@graph":[{"@type":"WebPage","@id":"https:\/\/sankorf.com\/product\/birdrf-legacy-product\/","url":"https:\/\/sankorf.com\/product\/birdrf-legacy-product\/","name":"BirdRF Legacy Products | Reliable RF Power Meters & Sensors","isPartOf":{"@id":"https:\/\/sankorf.com\/#website"},"primaryImageOfPage":{"@id":"https:\/\/sankorf.com\/product\/birdrf-legacy-product\/#primaryimage"},"image":{"@id":"https:\/\/sankorf.com\/product\/birdrf-legacy-product\/#primaryimage"},"thumbnailUrl":"https:\/\/sankorf.com\/wp-content\/uploads\/2022\/05\/birdrf-product.png","datePublished":"2025-05-08T07:49:21+00:00","dateModified":"2025-07-24T01:11:19+00:00","description":"Explore BirdRF Legacy Products at Sanko \u2014 precise, durable RF power meters, sensors, and loads for diverse wireless testing needs. Trusted accuracy and performance.","breadcrumb":{"@id":"https:\/\/sankorf.com\/product\/birdrf-legacy-product\/#breadcrumb"},"inLanguage":"es","potentialAction":[{"@type":"ReadAction","target":["https:\/\/sankorf.com\/product\/birdrf-legacy-product\/"]}]},{"@type":"ImageObject","inLanguage":"es","@id":"https:\/\/sankorf.com\/product\/birdrf-legacy-product\/#primaryimage","url":"https:\/\/sankorf.com\/wp-content\/uploads\/2022\/05\/birdrf-product.png","contentUrl":"https:\/\/sankorf.com\/wp-content\/uploads\/2022\/05\/birdrf-product.png","width":628,"height":480},{"@type":"BreadcrumbList","@id":"https:\/\/sankorf.com\/product\/birdrf-legacy-product\/#breadcrumb","itemListElement":[{"@type":"ListItem","position":1,"name":"Home","item":"https:\/\/sankorf.com\/"},{"@type":"ListItem","position":2,"name":"Products","item":"https:\/\/sankorf.com\/products\/"},{"@type":"ListItem","position":3,"name":"Power Meter,Sensor, Load and etc"}]},{"@type":"WebSite","@id":"https:\/\/sankorf.com\/#website","url":"https:\/\/sankorf.com\/","name":"Sanko Technologies Sdn Bhd","description":"","publisher":{"@id":"https:\/\/sankorf.com\/#organization"},"potentialAction":[{"@type":"SearchAction","target":{"@type":"EntryPoint","urlTemplate":"https:\/\/sankorf.com\/?s={search_term_string}"},"query-input":{"@type":"PropertyValueSpecification","valueRequired":true,"valueName":"search_term_string"}}],"inLanguage":"es"},{"@type":"Organization","@id":"https:\/\/sankorf.com\/#organization","name":"Sanko Technologies Sdn Bhd","url":"https:\/\/sankorf.com\/","logo":{"@type":"ImageObject","inLanguage":"es","@id":"https:\/\/sankorf.com\/#\/schema\/logo\/image\/","url":"https:\/\/sankorf.com\/wp-content\/uploads\/2025\/05\/logo-horizontal.png","contentUrl":"https:\/\/sankorf.com\/wp-content\/uploads\/2025\/05\/logo-horizontal.png","width":700,"height":52,"caption":"Sanko Technologies Sdn Bhd"},"image":{"@id":"https:\/\/sankorf.com\/#\/schema\/logo\/image\/"},"sameAs":["https:\/\/www.facebook.com\/SankoRF\/"]}]}},"_links":{"self":[{"href":"https:\/\/sankorf.com\/es\/wp-json\/wp\/v2\/product\/1090","targetHints":{"allow":["GET"]}}],"collection":[{"href":"https:\/\/sankorf.com\/es\/wp-json\/wp\/v2\/product"}],"about":[{"href":"https:\/\/sankorf.com\/es\/wp-json\/wp\/v2\/types\/product"}],"replies":[{"embeddable":true,"href":"https:\/\/sankorf.com\/es\/wp-json\/wp\/v2\/comments?post=1090"}],"wp:featuredmedia":[{"embeddable":true,"href":"https:\/\/sankorf.com\/es\/wp-json\/wp\/v2\/media\/1081"}],"wp:attachment":[{"href":"https:\/\/sankorf.com\/es\/wp-json\/wp\/v2\/media?parent=1090"}],"wp:term":[{"taxonomy":"product_brand","embeddable":true,"href":"https:\/\/sankorf.com\/es\/wp-json\/wp\/v2\/product_brand?post=1090"},{"taxonomy":"product_cat","embeddable":true,"href":"https:\/\/sankorf.com\/es\/wp-json\/wp\/v2\/product_cat?post=1090"},{"taxonomy":"product_tag","embeddable":true,"href":"https:\/\/sankorf.com\/es\/wp-json\/wp\/v2\/product_tag?post=1090"}],"curies":[{"name":"wp","href":"https:\/\/api.w.org\/{rel}","templated":true}]}}