{"id":1846,"date":"2025-05-16T08:30:58","date_gmt":"2025-05-16T08:30:58","guid":{"rendered":"https:\/\/sankorf.com\/?post_type=product&#038;p=1846"},"modified":"2025-07-02T02:47:38","modified_gmt":"2025-07-02T02:47:38","slug":"accessories","status":"publish","type":"product","link":"https:\/\/sankorf.com\/es\/product\/accessories\/","title":{"rendered":"Accesorios"},"content":{"rendered":"<table id=\"tablepress-6\" class=\"tablepress tablepress-id-6 accessories-table\">\n<thead>\n<tr class=\"row-1\">\n\t<th colspan=\"2\" class=\"column-1\">Kit de calibraci\u00f3n electr\u00f3nica<\/th>\n<\/tr>\n<\/thead>\n<tbody class=\"row-striping row-hover\">\n<tr class=\"row-2\">\n\t<td class=\"column-1\">E285A<\/td><td class=\"column-2\">Auto Calibration Kit, 2 ports ,100k~8.5G, 3.5mm Type   OPT:MM\/FF\/MF<br \/>\n<\/td>\n<\/tr>\n<tr class=\"row-3\">\n\t<td class=\"column-1\">E485A<\/td><td class=\"column-2\">Auto Calibration Kit, 4 ports ,100k~8.5G, 3.5mm Type   OPT:MM\/FF\/MF<\/td>\n<\/tr>\n<tr class=\"row-4\">\n\t<td class=\"column-1\">E285C<\/td><td class=\"column-2\">Auto Calibration Kit, 2 ports ,100k~8.5G, N Type   OPT:MM\/FF\/MF<\/td>\n<\/tr>\n<tr class=\"row-5\">\n\t<td class=\"column-1\">E485C<\/td><td class=\"column-2\">Auto Calibration Kit, 4 ports ,100k~8.5G,N Type   OPT:MM\/FF\/MF<\/td>\n<\/tr>\n<tr class=\"row-6\">\n\t<td class=\"column-1\">E220A<\/td><td class=\"column-2\">Auto Calibration Kit, 2 ports, 100k~20G, 3.5mm Type<\/td>\n<\/tr>\n<tr class=\"row-7\">\n\t<td class=\"column-1\">E231A<\/td><td class=\"column-2\">Auto Calibration Kit, 2 ports, 100k~31G, 2.92mm Type<\/td>\n<\/tr>\n<\/tbody>\n<\/table>\n<!-- #tablepress-6 from cache -->\n\n<table id=\"tablepress-13\" class=\"tablepress tablepress-id-13 accessories-table tbody-has-connected-cells\">\n<thead>\n<tr class=\"row-1\">\n\t<th colspan=\"2\" class=\"column-1\">Kit de calibraci\u00f3n mec\u00e1nica<\/th>\n<\/tr>\n<\/thead>\n<tbody class=\"row-striping row-hover\">\n<tr class=\"row-2\">\n\t<td colspan=\"2\" class=\"column-1\"><b>SK-CAL-NSet-90:High Precision, DC to 9GHz, 50\u03a9, N-type Calibration kit Set<\/b><br \/>\n<\/td>\n<\/tr>\n<tr class=\"row-3\">\n\t<td class=\"column-1\">SK-CAL-NM_90<\/td><td class=\"column-2\">4 Male Calibration Kits,  (m)N - Combination, Open-Short-Load-Through included<\/td>\n<\/tr>\n<tr class=\"row-4\">\n\t<td class=\"column-1\">SK-CAL-NF_90<\/td><td class=\"column-2\">4 Female Calibration Kits,  (f)N - Combination, Open-Short-Load-Through included<\/td>\n<\/tr>\n<tr class=\"row-5\">\n\t<td colspan=\"2\" class=\"column-1\"><b>SK-CAL-SMASet-90 \uff1aHigh Precision, DC to 9GHz, 50\u03a9, SMA-type Calibration kit Set<\/b><\/td>\n<\/tr>\n<tr class=\"row-6\">\n\t<td class=\"column-1\">SK-CAL-SMAM_90<\/td><td class=\"column-2\">4 Male Calibration Kits,  (m)SMA - Combination, Open-Short-Load-Through included<\/td>\n<\/tr>\n<tr class=\"row-7\">\n\t<td class=\"column-1\">SK-CAL-SMAF_90<\/td><td class=\"column-2\">4 Female Calibration Kits,  (f)SMA - Combination, Open-Short-Load-Through included <\/td>\n<\/tr>\n<tr class=\"row-8\">\n\t<td class=\"column-1\">F85052D<\/td><td class=\"column-2\">3.5mm mechanical Calibration kits DC-26.5GHz<\/td>\n<\/tr>\n<tr class=\"row-9\">\n\t<td class=\"column-1\">C85056K_10MF<\/td><td class=\"column-2\">High precision DC to 40GHz ,50\u03a9 2.92mm Calibration kit 10-piece Set<\/td>\n<\/tr>\n<\/tbody>\n<\/table>\n<!-- #tablepress-13 from cache -->\n\n<table id=\"tablepress-12\" class=\"tablepress tablepress-id-12 accessories-table\">\n<thead>\n<tr class=\"row-1\">\n\t<th colspan=\"2\" class=\"column-1\">Cable de prueba de bajo ruido de fase<\/th>\n<\/tr>\n<\/thead>\n<tbody class=\"row-striping row-hover\">\n<tr class=\"row-2\">\n\t<td class=\"column-1\">T5_RFCAB-NmNm_90101<\/td><td class=\"column-2\">Test Cable - DC to 9GHz, 50\u03a9, N(m)-N(m) , 1m length<\/td>\n<\/tr>\n<tr class=\"row-3\">\n\t<td class=\"column-1\">T5_RFCAB-NmSMAm_90102<\/td><td class=\"column-2\">Test Cable - DC to 9GHz, 50\u03a9, N(m)-SMA(m), 1m length<\/td>\n<\/tr>\n<tr class=\"row-4\">\n\t<td class=\"column-1\">T5- RFCAB-35NMD_260101<\/td><td class=\"column-2\">Test Cable (Thick)- DC to 26.5GHz 50\u03a9, NMD(m)-NMD(f), 0.6m length<\/td>\n<\/tr>\n<tr class=\"row-5\">\n\t<td class=\"column-1\">T5_RFCAB-35NMD_260102<\/td><td class=\"column-2\">Test Cable(Thin &amp; Flexi)- DC to 26.5GHz 50\u03a9, NMD(m)-NMD(f),1.2m length<\/td>\n<\/tr>\n<tr class=\"row-6\">\n\t<td class=\"column-1\">T5_RFCAB_NMD24F_NMD29M_400101<\/td><td class=\"column-2\">Test Cable (Thick)- DC to 40GHz ,50\u03a9 NMD2.4mm(f) - NMD2.92mm(m) ,0.6m length<\/td>\n<\/tr>\n<tr class=\"row-7\">\n\t<td class=\"column-1\">T5_RFCAB_26NMD24F_NMD29M_400102<\/td><td class=\"column-2\">Test Cable(Thin &amp; Flexi)- DC to 40GHz ,50\u03a9 NMD2.4mm(f) - NMD2.92mm(m) ,1.2m length<\/td>\n<\/tr>\n<\/tbody>\n<\/table>\n<!-- #tablepress-12 from cache -->\n<p>&nbsp;<\/p>","protected":false},"excerpt":{"rendered":"<p>La Calibraci\u00f3n Electr\u00f3nica (ECal) es un m\u00e9todo r\u00e1pido y confiable para calibrar analizadores de redes vectoriales (VNA). A diferencia de los m\u00e9todos tradicionales que requieren m\u00faltiples est\u00e1ndares mec\u00e1nicos como abierto, corto, carga y paso, ECal simplifica el proceso utilizando un solo m\u00f3dulo electr\u00f3nico. Con solo una conexi\u00f3n, el VNA realiza autom\u00e1ticamente una calibraci\u00f3n completa, ahorrando tiempo y reduciendo el riesgo de errores humanos. ECal ofrece resultados altamente precisos y repetibles, lo que lo hace ideal tanto para entornos de laboratorio como de producci\u00f3n. Admite una amplia gama de frecuencias y configuraciones de puertos, ofreciendo una soluci\u00f3n conveniente y eficiente para mediciones de RF y microondas.<\/p>","protected":false},"featured_media":1847,"comment_status":"open","ping_status":"closed","template":"","meta":[],"product_brand":[],"product_cat":[63],"product_tag":[],"class_list":{"0":"post-1846","1":"product","2":"type-product","3":"status-publish","4":"has-post-thumbnail","6":"product_cat-accessories","8":"first","9":"instock","10":"shipping-taxable","11":"purchasable","12":"product-type-variable","13":"has-default-attributes"},"yoast_head":"<!-- This site is optimized with the Yoast SEO plugin v27.0 - https:\/\/yoast.com\/product\/yoast-seo-wordpress\/ -->\n<title>Premium Accessories for Style &amp; Function | Sanko<\/title>\n<meta name=\"description\" content=\"Discover high-quality accessories that elevate your look and enhance everyday life. Shop stylish, durable essentials at Sanko today!\" \/>\n<meta name=\"robots\" content=\"index, follow, max-snippet:-1, max-image-preview:large, max-video-preview:-1\" \/>\n<link rel=\"canonical\" href=\"https:\/\/sankorf.com\/es\/product\/accessories\/\" \/>\n<meta property=\"og:locale\" content=\"es_ES\" \/>\n<meta property=\"og:type\" content=\"article\" \/>\n<meta property=\"og:title\" content=\"Premium Accessories for Style &amp; Function | Sanko\" \/>\n<meta property=\"og:description\" content=\"Discover high-quality accessories that elevate your look and enhance everyday life. Shop stylish, durable essentials at Sanko today!\" \/>\n<meta property=\"og:url\" content=\"https:\/\/sankorf.com\/es\/product\/accessories\/\" \/>\n<meta property=\"og:site_name\" content=\"sankorf.com\" \/>\n<meta property=\"article:publisher\" content=\"https:\/\/www.facebook.com\/SankoRF\/\" \/>\n<meta property=\"article:modified_time\" content=\"2025-07-02T02:47:38+00:00\" \/>\n<meta property=\"og:image\" content=\"http:\/\/sankorf.com\/wp-content\/uploads\/2025\/05\/auto-calibration-kit.png\" \/>\n\t<meta property=\"og:image:width\" content=\"354\" \/>\n\t<meta property=\"og:image:height\" content=\"315\" \/>\n\t<meta property=\"og:image:type\" content=\"image\/png\" \/>\n<meta name=\"twitter:card\" content=\"summary_large_image\" \/>\n<meta name=\"twitter:label1\" content=\"Tiempo de lectura\" \/>\n\t<meta name=\"twitter:data1\" content=\"1 minuto\" \/>\n<script type=\"application\/ld+json\" class=\"yoast-schema-graph\">{\"@context\":\"https:\/\/schema.org\",\"@graph\":[{\"@type\":\"WebPage\",\"@id\":\"https:\/\/sankorf.com\/product\/accessories\/\",\"url\":\"https:\/\/sankorf.com\/product\/accessories\/\",\"name\":\"Premium Accessories for Style & Function | Sanko\",\"isPartOf\":{\"@id\":\"https:\/\/sankorf.com\/#website\"},\"primaryImageOfPage\":{\"@id\":\"https:\/\/sankorf.com\/product\/accessories\/#primaryimage\"},\"image\":{\"@id\":\"https:\/\/sankorf.com\/product\/accessories\/#primaryimage\"},\"thumbnailUrl\":\"https:\/\/sankorf.com\/wp-content\/uploads\/2025\/05\/auto-calibration-kit.png\",\"datePublished\":\"2025-05-16T08:30:58+00:00\",\"dateModified\":\"2025-07-02T02:47:38+00:00\",\"description\":\"Discover high-quality accessories that elevate your look and enhance everyday life. Shop stylish, durable essentials at Sanko today!\",\"breadcrumb\":{\"@id\":\"https:\/\/sankorf.com\/product\/accessories\/#breadcrumb\"},\"inLanguage\":\"es\",\"potentialAction\":[{\"@type\":\"ReadAction\",\"target\":[\"https:\/\/sankorf.com\/product\/accessories\/\"]}]},{\"@type\":\"ImageObject\",\"inLanguage\":\"es\",\"@id\":\"https:\/\/sankorf.com\/product\/accessories\/#primaryimage\",\"url\":\"https:\/\/sankorf.com\/wp-content\/uploads\/2025\/05\/auto-calibration-kit.png\",\"contentUrl\":\"https:\/\/sankorf.com\/wp-content\/uploads\/2025\/05\/auto-calibration-kit.png\",\"width\":354,\"height\":315},{\"@type\":\"BreadcrumbList\",\"@id\":\"https:\/\/sankorf.com\/product\/accessories\/#breadcrumb\",\"itemListElement\":[{\"@type\":\"ListItem\",\"position\":1,\"name\":\"Home\",\"item\":\"https:\/\/sankorf.com\/\"},{\"@type\":\"ListItem\",\"position\":2,\"name\":\"Products\",\"item\":\"https:\/\/sankorf.com\/products\/\"},{\"@type\":\"ListItem\",\"position\":3,\"name\":\"Accessories\"}]},{\"@type\":\"WebSite\",\"@id\":\"https:\/\/sankorf.com\/#website\",\"url\":\"https:\/\/sankorf.com\/\",\"name\":\"Sanko Technologies Sdn Bhd\",\"description\":\"\",\"publisher\":{\"@id\":\"https:\/\/sankorf.com\/#organization\"},\"potentialAction\":[{\"@type\":\"SearchAction\",\"target\":{\"@type\":\"EntryPoint\",\"urlTemplate\":\"https:\/\/sankorf.com\/?s={search_term_string}\"},\"query-input\":{\"@type\":\"PropertyValueSpecification\",\"valueRequired\":true,\"valueName\":\"search_term_string\"}}],\"inLanguage\":\"es\"},{\"@type\":\"Organization\",\"@id\":\"https:\/\/sankorf.com\/#organization\",\"name\":\"Sanko Technologies Sdn Bhd\",\"url\":\"https:\/\/sankorf.com\/\",\"logo\":{\"@type\":\"ImageObject\",\"inLanguage\":\"es\",\"@id\":\"https:\/\/sankorf.com\/#\/schema\/logo\/image\/\",\"url\":\"https:\/\/sankorf.com\/wp-content\/uploads\/2025\/05\/logo-horizontal.png\",\"contentUrl\":\"https:\/\/sankorf.com\/wp-content\/uploads\/2025\/05\/logo-horizontal.png\",\"width\":700,\"height\":52,\"caption\":\"Sanko Technologies Sdn Bhd\"},\"image\":{\"@id\":\"https:\/\/sankorf.com\/#\/schema\/logo\/image\/\"},\"sameAs\":[\"https:\/\/www.facebook.com\/SankoRF\/\"]}]}<\/script>\n<!-- \/ Yoast SEO plugin. -->","yoast_head_json":{"title":"Premium Accessories for Style & Function | Sanko","description":"Discover high-quality accessories that elevate your look and enhance everyday life. Shop stylish, durable essentials at Sanko today!","robots":{"index":"index","follow":"follow","max-snippet":"max-snippet:-1","max-image-preview":"max-image-preview:large","max-video-preview":"max-video-preview:-1"},"canonical":"https:\/\/sankorf.com\/es\/product\/accessories\/","og_locale":"es_ES","og_type":"article","og_title":"Premium Accessories for Style & Function | Sanko","og_description":"Discover high-quality accessories that elevate your look and enhance everyday life. Shop stylish, durable essentials at Sanko today!","og_url":"https:\/\/sankorf.com\/es\/product\/accessories\/","og_site_name":"sankorf.com","article_publisher":"https:\/\/www.facebook.com\/SankoRF\/","article_modified_time":"2025-07-02T02:47:38+00:00","og_image":[{"width":354,"height":315,"url":"http:\/\/sankorf.com\/wp-content\/uploads\/2025\/05\/auto-calibration-kit.png","type":"image\/png"}],"twitter_card":"summary_large_image","twitter_misc":{"Tiempo de lectura":"1 minuto"},"schema":{"@context":"https:\/\/schema.org","@graph":[{"@type":"WebPage","@id":"https:\/\/sankorf.com\/product\/accessories\/","url":"https:\/\/sankorf.com\/product\/accessories\/","name":"Premium Accessories for Style & Function | Sanko","isPartOf":{"@id":"https:\/\/sankorf.com\/#website"},"primaryImageOfPage":{"@id":"https:\/\/sankorf.com\/product\/accessories\/#primaryimage"},"image":{"@id":"https:\/\/sankorf.com\/product\/accessories\/#primaryimage"},"thumbnailUrl":"https:\/\/sankorf.com\/wp-content\/uploads\/2025\/05\/auto-calibration-kit.png","datePublished":"2025-05-16T08:30:58+00:00","dateModified":"2025-07-02T02:47:38+00:00","description":"Discover high-quality accessories that elevate your look and enhance everyday life. Shop stylish, durable essentials at Sanko today!","breadcrumb":{"@id":"https:\/\/sankorf.com\/product\/accessories\/#breadcrumb"},"inLanguage":"es","potentialAction":[{"@type":"ReadAction","target":["https:\/\/sankorf.com\/product\/accessories\/"]}]},{"@type":"ImageObject","inLanguage":"es","@id":"https:\/\/sankorf.com\/product\/accessories\/#primaryimage","url":"https:\/\/sankorf.com\/wp-content\/uploads\/2025\/05\/auto-calibration-kit.png","contentUrl":"https:\/\/sankorf.com\/wp-content\/uploads\/2025\/05\/auto-calibration-kit.png","width":354,"height":315},{"@type":"BreadcrumbList","@id":"https:\/\/sankorf.com\/product\/accessories\/#breadcrumb","itemListElement":[{"@type":"ListItem","position":1,"name":"Home","item":"https:\/\/sankorf.com\/"},{"@type":"ListItem","position":2,"name":"Products","item":"https:\/\/sankorf.com\/products\/"},{"@type":"ListItem","position":3,"name":"Accessories"}]},{"@type":"WebSite","@id":"https:\/\/sankorf.com\/#website","url":"https:\/\/sankorf.com\/","name":"Sanko Technologies Sdn Bhd","description":"","publisher":{"@id":"https:\/\/sankorf.com\/#organization"},"potentialAction":[{"@type":"SearchAction","target":{"@type":"EntryPoint","urlTemplate":"https:\/\/sankorf.com\/?s={search_term_string}"},"query-input":{"@type":"PropertyValueSpecification","valueRequired":true,"valueName":"search_term_string"}}],"inLanguage":"es"},{"@type":"Organization","@id":"https:\/\/sankorf.com\/#organization","name":"Sanko Technologies Sdn Bhd","url":"https:\/\/sankorf.com\/","logo":{"@type":"ImageObject","inLanguage":"es","@id":"https:\/\/sankorf.com\/#\/schema\/logo\/image\/","url":"https:\/\/sankorf.com\/wp-content\/uploads\/2025\/05\/logo-horizontal.png","contentUrl":"https:\/\/sankorf.com\/wp-content\/uploads\/2025\/05\/logo-horizontal.png","width":700,"height":52,"caption":"Sanko Technologies Sdn Bhd"},"image":{"@id":"https:\/\/sankorf.com\/#\/schema\/logo\/image\/"},"sameAs":["https:\/\/www.facebook.com\/SankoRF\/"]}]}},"_links":{"self":[{"href":"https:\/\/sankorf.com\/es\/wp-json\/wp\/v2\/product\/1846","targetHints":{"allow":["GET"]}}],"collection":[{"href":"https:\/\/sankorf.com\/es\/wp-json\/wp\/v2\/product"}],"about":[{"href":"https:\/\/sankorf.com\/es\/wp-json\/wp\/v2\/types\/product"}],"replies":[{"embeddable":true,"href":"https:\/\/sankorf.com\/es\/wp-json\/wp\/v2\/comments?post=1846"}],"wp:featuredmedia":[{"embeddable":true,"href":"https:\/\/sankorf.com\/es\/wp-json\/wp\/v2\/media\/1847"}],"wp:attachment":[{"href":"https:\/\/sankorf.com\/es\/wp-json\/wp\/v2\/media?parent=1846"}],"wp:term":[{"taxonomy":"product_brand","embeddable":true,"href":"https:\/\/sankorf.com\/es\/wp-json\/wp\/v2\/product_brand?post=1846"},{"taxonomy":"product_cat","embeddable":true,"href":"https:\/\/sankorf.com\/es\/wp-json\/wp\/v2\/product_cat?post=1846"},{"taxonomy":"product_tag","embeddable":true,"href":"https:\/\/sankorf.com\/es\/wp-json\/wp\/v2\/product_tag?post=1846"}],"curies":[{"name":"wp","href":"https:\/\/api.w.org\/{rel}","templated":true}]}}