{"id":673,"date":"2022-05-06T17:41:29","date_gmt":"2022-05-06T17:41:29","guid":{"rendered":"https:\/\/startersites.io\/blocksy\/gadgets\/?post_type=product&#038;p=673"},"modified":"2026-03-19T06:37:21","modified_gmt":"2026-03-19T06:37:21","slug":"modular-vector-network-analyzer","status":"publish","type":"product","link":"https:\/\/sankorf.com\/es\/product\/modular-vector-network-analyzer\/","title":{"rendered":"Analizador vectorial de redes modular"},"content":{"rendered":"<p><strong>Especificaciones<\/strong><\/p>\n\n<table id=\"tablepress-1\" class=\"tablepress tablepress-id-1\">\n<thead>\n<tr class=\"row-1\">\n\t<th class=\"column-1\">Modelo<\/th><th class=\"column-2\">BNA100-XPXG5<\/th><th class=\"column-3\">BNA1000-XPXG5<\/th><th class=\"column-4\">BNA1000-2P20G0<\/th>\n<\/tr>\n<\/thead>\n<tbody class=\"row-striping row-hover\">\n<tr class=\"row-2\">\n\t<td class=\"column-1\">Rango de frecuencia<\/td><td class=\"column-2\">300kHz-6.5GHZ\/8.5GHz<\/td><td class=\"column-3\">300kHz-6.5GHZ\/8.5GHz<\/td><td class=\"column-4\">1MHz-20GHz<\/td>\n<\/tr>\n<tr class=\"row-3\">\n\t<td class=\"column-1\">Puertos de prueba num\u00e9ricos<\/td><td class=\"column-2\">2<\/td><td class=\"column-3\">2\/4<\/td><td class=\"column-4\">2<\/td>\n<\/tr>\n<tr class=\"row-4\">\n\t<td class=\"column-1\">Impedancia<\/td><td class=\"column-2\">50\u03a9<\/td><td class=\"column-3\">50\u03a9<\/td><td class=\"column-4\">50\u03a9<\/td>\n<\/tr>\n<tr class=\"row-5\">\n\t<td class=\"column-1\">Precisi\u00f3n de frecuencia<\/td><td class=\"column-2\">\u00b15ppm<\/td><td class=\"column-3\">\u00b15ppm<\/td><td class=\"column-4\">\u00b11ppm<\/td>\n<\/tr>\n<tr class=\"row-6\">\n\t<td class=\"column-1\">Resoluci\u00f3n de frecuencia<\/td><td class=\"column-2\">1Hz<\/td><td class=\"column-3\">1Hz<\/td><td class=\"column-4\">1Hz<\/td>\n<\/tr>\n<tr class=\"row-7\">\n\t<td class=\"column-1\">Puntos de medici\u00f3n<\/td><td class=\"column-2\">2-20001<\/td><td class=\"column-3\">2-20001<\/td><td class=\"column-4\">2-20001<\/td>\n<\/tr>\n<tr class=\"row-8\">\n\t<td class=\"column-1\">Ancho de banda de medici\u00f3n<\/td><td class=\"column-2\">1Hz-100kHz<\/td><td class=\"column-3\">1Hz-2MHz<\/td><td class=\"column-4\">1Hz-1MHz<\/td>\n<\/tr>\n<tr class=\"row-9\">\n\t<td class=\"column-1\">Momento\/Punto de Medici\u00f3n<\/td><td class=\"column-2\">68us\/point<\/td><td class=\"column-3\">42us\/point<\/td><td class=\"column-4\">70us\/point<\/td>\n<\/tr>\n<tr class=\"row-10\">\n\t<td class=\"column-1\">Rango din\u00e1mico<\/td><td class=\"column-2\">typ.115dB(300kHz~10MHz)<br \/>\ntyp.125dB(10MHz~6.5GHz)<br \/>\ntyp.115dB(6.5GHz~8.5GHz)<\/td><td class=\"column-3\">typ.115dB(300kHz~10MHz)<br \/>\ntyp.130dB(10MHz~6GHz)<br \/>\ntyp.129dB(6GHz~7GHz)<br \/>\n   typ.128dB(7GHz~8.5GHz)<\/td><td class=\"column-4\">typ.125dB(1MHz~8GHz)<br \/>\ntyp.120dB(8GHz~12GHz)<br \/>\ntyp.118dB(12GHz~18GHz)       typ.115dB(18GHz~20GHz)<\/td>\n<\/tr>\n<tr class=\"row-11\">\n\t<td class=\"column-1\">Rastrear ruido<\/td><td class=\"column-2\">5mdB rms<\/td><td class=\"column-3\">2mdB rms<\/td><td class=\"column-4\">5mdB rms<\/td>\n<\/tr>\n<tr class=\"row-12\">\n\t<td class=\"column-1\">Rango de potencia<\/td><td class=\"column-2\">-20dBm to +5dBm(300KHz~1MHz)                                 <br \/>\n-20dBm to +10dBm(1MHz~7GHz)<br \/>\n-20dBm to +5dBm(7GHz~8.5GHz)                           <\/td><td class=\"column-3\">-50dBm to +10dBm(300KHz~7GHz)                                 <br \/>\n-50dBm to +8dBm(7GHz~8.5GHz)<\/td><td class=\"column-4\">-20dBm to +5dBm(1MHz~10MHz)                                 <br \/>\n-30dBm to +10dBm(10MHz~20GHz)<\/td>\n<\/tr>\n<tr class=\"row-13\">\n\t<td class=\"column-1\">Precisi\u00f3n de potencia<\/td><td class=\"column-2\">\u00b11.5dB<\/td><td class=\"column-3\">\u00b11.5dB<\/td><td class=\"column-4\">\u00b11.5dB<\/td>\n<\/tr>\n<tr class=\"row-14\">\n\t<td class=\"column-1\">Resoluci\u00f3n de potencia<\/td><td class=\"column-2\">0.05dB<\/td><td class=\"column-3\">0.05dB<\/td><td class=\"column-4\">0.05dB<\/td>\n<\/tr>\n<tr class=\"row-15\">\n\t<td class=\"column-1\">Nivel de ruido<\/td><td class=\"column-2\">-120 dBm\/Hz<\/td><td class=\"column-3\">-124 dBm\/Hz<\/td><td class=\"column-4\">-130 dBm\/Hz<\/td>\n<\/tr>\n<tr class=\"row-16\">\n\t<td class=\"column-1\">Garant\u00eda<\/td><td class=\"column-2\">3 a\u00f1os<\/td><td class=\"column-3\">3 a\u00f1os<\/td><td class=\"column-4\">3 a\u00f1os<\/td>\n<\/tr>\n<tr class=\"row-17\">\n\t<td class=\"column-1\">Tama\u00f1o<\/td><td class=\"column-2\">175mm\u00d765mm\u00d7292mm<\/td><td class=\"column-3\">470mm\u00d7545mm\u00d7105mm<\/td><td class=\"column-4\">544mm\u00d7457mm\u00d7104mm<\/td>\n<\/tr>\n<tr class=\"row-18\">\n\t<td class=\"column-1\">Peso<\/td><td class=\"column-2\">2.3kg<\/td><td class=\"column-3\">8.1kg<\/td><td class=\"column-4\">8.8kg<\/td>\n<\/tr>\n<\/tbody>\n<\/table>\n<!-- #tablepress-1 from cache -->","protected":false},"excerpt":{"rendered":"<p><span style=\"font-weight: 400;\">Logre el rendimiento de un equipo de sobremesa sin exceder su presupuesto. Elija entre la familia de analizadores de redes vectoriales de la serie BNA para una integraci\u00f3n perfecta en su proceso de desarrollo de productos y entorno de fabricaci\u00f3n.<\/span><\/p>\n<p><span style=\"font-weight: 400;\">Estos analizadores ofrecen un alto rendimiento, repetibilidad y un funcionamiento fiable para una variedad de mediciones de RF, desde el an\u00e1lisis b\u00e1sico de impedancia hasta pruebas y caracterizaci\u00f3n completas de RF.<\/span><\/p>\n<p><span style=\"font-weight: 400;\">Con una interfaz f\u00e1cil de usar, capacidades avanzadas de medici\u00f3n y codificaci\u00f3n automatizada, la serie BNA ofrece precisi\u00f3n, agilidad y rentabilidad para satisfacer las complejas demandas de la fabricaci\u00f3n moderna y la ingenier\u00eda de RF.<\/span><\/p>","protected":false},"featured_media":1085,"comment_status":"open","ping_status":"closed","template":"","meta":[],"product_brand":[],"product_cat":[41],"product_tag":[51,52,48,49,68,67,53,69,50],"class_list":{"0":"post-673","1":"product","2":"type-product","3":"status-publish","4":"has-post-thumbnail","6":"product_cat-vector-network-analyzer","7":"product_tag-india","8":"product_tag-indonesia","9":"product_tag-korea","10":"product_tag-malaysia","11":"product_tag-pakistan","12":"product_tag-singapore","13":"product_tag-taiwan","14":"product_tag-uae","15":"product_tag-vietnam","17":"first","18":"instock","19":"shipping-taxable","20":"purchasable","21":"product-type-variable"},"yoast_head":"<!-- This site is optimized with the Yoast SEO plugin v27.0 - https:\/\/yoast.com\/product\/yoast-seo-wordpress\/ -->\n<title>Modular Vector Network Analyzer | High-Precision RF Testing Tool<\/title>\n<meta name=\"description\" content=\"Discover Sanko&#039;s Modular Vector Network Analyzer with wide frequency range, fast measurement, and high accuracy for advanced RF component testing.\" \/>\n<meta name=\"robots\" content=\"index, follow, max-snippet:-1, max-image-preview:large, max-video-preview:-1\" \/>\n<link rel=\"canonical\" href=\"https:\/\/sankorf.com\/es\/product\/modular-vector-network-analyzer\/\" \/>\n<meta property=\"og:locale\" content=\"es_ES\" \/>\n<meta property=\"og:type\" content=\"article\" \/>\n<meta property=\"og:title\" content=\"Modular Vector Network Analyzer | High-Precision RF Testing Tool\" \/>\n<meta property=\"og:description\" content=\"Discover Sanko&#039;s Modular Vector Network Analyzer with wide frequency range, fast measurement, and high accuracy for advanced RF component testing.\" \/>\n<meta property=\"og:url\" content=\"https:\/\/sankorf.com\/es\/product\/modular-vector-network-analyzer\/\" \/>\n<meta property=\"og:site_name\" content=\"sankorf.com\" \/>\n<meta property=\"article:publisher\" content=\"https:\/\/www.facebook.com\/SankoRF\/\" \/>\n<meta property=\"article:modified_time\" content=\"2026-03-19T06:37:21+00:00\" \/>\n<meta property=\"og:image\" content=\"http:\/\/sankorf.com\/wp-content\/uploads\/2022\/05\/BNA1000.png\" \/>\n\t<meta property=\"og:image:width\" content=\"627\" \/>\n\t<meta property=\"og:image:height\" content=\"354\" \/>\n\t<meta property=\"og:image:type\" content=\"image\/png\" \/>\n<meta name=\"twitter:card\" content=\"summary_large_image\" \/>\n<meta name=\"twitter:label1\" content=\"Tiempo de lectura\" \/>\n\t<meta name=\"twitter:data1\" content=\"1 minuto\" \/>\n<script type=\"application\/ld+json\" class=\"yoast-schema-graph\">{\"@context\":\"https:\/\/schema.org\",\"@graph\":[{\"@type\":\"WebPage\",\"@id\":\"https:\/\/sankorf.com\/product\/modular-vector-network-analyzer\/\",\"url\":\"https:\/\/sankorf.com\/product\/modular-vector-network-analyzer\/\",\"name\":\"Modular Vector Network Analyzer | High-Precision RF Testing Tool\",\"isPartOf\":{\"@id\":\"https:\/\/sankorf.com\/#website\"},\"primaryImageOfPage\":{\"@id\":\"https:\/\/sankorf.com\/product\/modular-vector-network-analyzer\/#primaryimage\"},\"image\":{\"@id\":\"https:\/\/sankorf.com\/product\/modular-vector-network-analyzer\/#primaryimage\"},\"thumbnailUrl\":\"https:\/\/sankorf.com\/wp-content\/uploads\/2022\/05\/BNA1000.png\",\"datePublished\":\"2022-05-06T17:41:29+00:00\",\"dateModified\":\"2026-03-19T06:37:21+00:00\",\"description\":\"Discover Sanko's Modular Vector Network Analyzer with wide frequency range, fast measurement, and high accuracy for advanced RF component testing.\",\"breadcrumb\":{\"@id\":\"https:\/\/sankorf.com\/product\/modular-vector-network-analyzer\/#breadcrumb\"},\"inLanguage\":\"es\",\"potentialAction\":[{\"@type\":\"ReadAction\",\"target\":[\"https:\/\/sankorf.com\/product\/modular-vector-network-analyzer\/\"]}]},{\"@type\":\"ImageObject\",\"inLanguage\":\"es\",\"@id\":\"https:\/\/sankorf.com\/product\/modular-vector-network-analyzer\/#primaryimage\",\"url\":\"https:\/\/sankorf.com\/wp-content\/uploads\/2022\/05\/BNA1000.png\",\"contentUrl\":\"https:\/\/sankorf.com\/wp-content\/uploads\/2022\/05\/BNA1000.png\",\"width\":627,\"height\":354},{\"@type\":\"BreadcrumbList\",\"@id\":\"https:\/\/sankorf.com\/product\/modular-vector-network-analyzer\/#breadcrumb\",\"itemListElement\":[{\"@type\":\"ListItem\",\"position\":1,\"name\":\"Home\",\"item\":\"https:\/\/sankorf.com\/\"},{\"@type\":\"ListItem\",\"position\":2,\"name\":\"Products\",\"item\":\"https:\/\/sankorf.com\/products\/\"},{\"@type\":\"ListItem\",\"position\":3,\"name\":\"Modular Vector Network Analyzer\"}]},{\"@type\":\"WebSite\",\"@id\":\"https:\/\/sankorf.com\/#website\",\"url\":\"https:\/\/sankorf.com\/\",\"name\":\"Sanko Technologies Sdn Bhd\",\"description\":\"\",\"publisher\":{\"@id\":\"https:\/\/sankorf.com\/#organization\"},\"potentialAction\":[{\"@type\":\"SearchAction\",\"target\":{\"@type\":\"EntryPoint\",\"urlTemplate\":\"https:\/\/sankorf.com\/?s={search_term_string}\"},\"query-input\":{\"@type\":\"PropertyValueSpecification\",\"valueRequired\":true,\"valueName\":\"search_term_string\"}}],\"inLanguage\":\"es\"},{\"@type\":\"Organization\",\"@id\":\"https:\/\/sankorf.com\/#organization\",\"name\":\"Sanko Technologies Sdn Bhd\",\"url\":\"https:\/\/sankorf.com\/\",\"logo\":{\"@type\":\"ImageObject\",\"inLanguage\":\"es\",\"@id\":\"https:\/\/sankorf.com\/#\/schema\/logo\/image\/\",\"url\":\"https:\/\/sankorf.com\/wp-content\/uploads\/2025\/05\/logo-horizontal.png\",\"contentUrl\":\"https:\/\/sankorf.com\/wp-content\/uploads\/2025\/05\/logo-horizontal.png\",\"width\":700,\"height\":52,\"caption\":\"Sanko Technologies Sdn Bhd\"},\"image\":{\"@id\":\"https:\/\/sankorf.com\/#\/schema\/logo\/image\/\"},\"sameAs\":[\"https:\/\/www.facebook.com\/SankoRF\/\"]}]}<\/script>\n<!-- \/ Yoast SEO plugin. -->","yoast_head_json":{"title":"Modular Vector Network Analyzer | High-Precision RF Testing Tool","description":"Discover Sanko's Modular Vector Network Analyzer with wide frequency range, fast measurement, and high accuracy for advanced RF component testing.","robots":{"index":"index","follow":"follow","max-snippet":"max-snippet:-1","max-image-preview":"max-image-preview:large","max-video-preview":"max-video-preview:-1"},"canonical":"https:\/\/sankorf.com\/es\/product\/modular-vector-network-analyzer\/","og_locale":"es_ES","og_type":"article","og_title":"Modular Vector Network Analyzer | High-Precision RF Testing Tool","og_description":"Discover Sanko's Modular Vector Network Analyzer with wide frequency range, fast measurement, and high accuracy for advanced RF component testing.","og_url":"https:\/\/sankorf.com\/es\/product\/modular-vector-network-analyzer\/","og_site_name":"sankorf.com","article_publisher":"https:\/\/www.facebook.com\/SankoRF\/","article_modified_time":"2026-03-19T06:37:21+00:00","og_image":[{"width":627,"height":354,"url":"http:\/\/sankorf.com\/wp-content\/uploads\/2022\/05\/BNA1000.png","type":"image\/png"}],"twitter_card":"summary_large_image","twitter_misc":{"Tiempo de lectura":"1 minuto"},"schema":{"@context":"https:\/\/schema.org","@graph":[{"@type":"WebPage","@id":"https:\/\/sankorf.com\/product\/modular-vector-network-analyzer\/","url":"https:\/\/sankorf.com\/product\/modular-vector-network-analyzer\/","name":"Modular Vector Network Analyzer | High-Precision RF Testing Tool","isPartOf":{"@id":"https:\/\/sankorf.com\/#website"},"primaryImageOfPage":{"@id":"https:\/\/sankorf.com\/product\/modular-vector-network-analyzer\/#primaryimage"},"image":{"@id":"https:\/\/sankorf.com\/product\/modular-vector-network-analyzer\/#primaryimage"},"thumbnailUrl":"https:\/\/sankorf.com\/wp-content\/uploads\/2022\/05\/BNA1000.png","datePublished":"2022-05-06T17:41:29+00:00","dateModified":"2026-03-19T06:37:21+00:00","description":"Discover Sanko's Modular Vector Network Analyzer with wide frequency range, fast measurement, and high accuracy for advanced RF component testing.","breadcrumb":{"@id":"https:\/\/sankorf.com\/product\/modular-vector-network-analyzer\/#breadcrumb"},"inLanguage":"es","potentialAction":[{"@type":"ReadAction","target":["https:\/\/sankorf.com\/product\/modular-vector-network-analyzer\/"]}]},{"@type":"ImageObject","inLanguage":"es","@id":"https:\/\/sankorf.com\/product\/modular-vector-network-analyzer\/#primaryimage","url":"https:\/\/sankorf.com\/wp-content\/uploads\/2022\/05\/BNA1000.png","contentUrl":"https:\/\/sankorf.com\/wp-content\/uploads\/2022\/05\/BNA1000.png","width":627,"height":354},{"@type":"BreadcrumbList","@id":"https:\/\/sankorf.com\/product\/modular-vector-network-analyzer\/#breadcrumb","itemListElement":[{"@type":"ListItem","position":1,"name":"Home","item":"https:\/\/sankorf.com\/"},{"@type":"ListItem","position":2,"name":"Products","item":"https:\/\/sankorf.com\/products\/"},{"@type":"ListItem","position":3,"name":"Modular Vector Network Analyzer"}]},{"@type":"WebSite","@id":"https:\/\/sankorf.com\/#website","url":"https:\/\/sankorf.com\/","name":"Sanko Technologies Sdn Bhd","description":"","publisher":{"@id":"https:\/\/sankorf.com\/#organization"},"potentialAction":[{"@type":"SearchAction","target":{"@type":"EntryPoint","urlTemplate":"https:\/\/sankorf.com\/?s={search_term_string}"},"query-input":{"@type":"PropertyValueSpecification","valueRequired":true,"valueName":"search_term_string"}}],"inLanguage":"es"},{"@type":"Organization","@id":"https:\/\/sankorf.com\/#organization","name":"Sanko Technologies Sdn Bhd","url":"https:\/\/sankorf.com\/","logo":{"@type":"ImageObject","inLanguage":"es","@id":"https:\/\/sankorf.com\/#\/schema\/logo\/image\/","url":"https:\/\/sankorf.com\/wp-content\/uploads\/2025\/05\/logo-horizontal.png","contentUrl":"https:\/\/sankorf.com\/wp-content\/uploads\/2025\/05\/logo-horizontal.png","width":700,"height":52,"caption":"Sanko Technologies Sdn Bhd"},"image":{"@id":"https:\/\/sankorf.com\/#\/schema\/logo\/image\/"},"sameAs":["https:\/\/www.facebook.com\/SankoRF\/"]}]}},"_links":{"self":[{"href":"https:\/\/sankorf.com\/es\/wp-json\/wp\/v2\/product\/673","targetHints":{"allow":["GET"]}}],"collection":[{"href":"https:\/\/sankorf.com\/es\/wp-json\/wp\/v2\/product"}],"about":[{"href":"https:\/\/sankorf.com\/es\/wp-json\/wp\/v2\/types\/product"}],"replies":[{"embeddable":true,"href":"https:\/\/sankorf.com\/es\/wp-json\/wp\/v2\/comments?post=673"}],"wp:featuredmedia":[{"embeddable":true,"href":"https:\/\/sankorf.com\/es\/wp-json\/wp\/v2\/media\/1085"}],"wp:attachment":[{"href":"https:\/\/sankorf.com\/es\/wp-json\/wp\/v2\/media?parent=673"}],"wp:term":[{"taxonomy":"product_brand","embeddable":true,"href":"https:\/\/sankorf.com\/es\/wp-json\/wp\/v2\/product_brand?post=673"},{"taxonomy":"product_cat","embeddable":true,"href":"https:\/\/sankorf.com\/es\/wp-json\/wp\/v2\/product_cat?post=673"},{"taxonomy":"product_tag","embeddable":true,"href":"https:\/\/sankorf.com\/es\/wp-json\/wp\/v2\/product_tag?post=673"}],"curies":[{"name":"wp","href":"https:\/\/api.w.org\/{rel}","templated":true}]}}